{"id":4,"date":"2013-11-11T10:37:55","date_gmt":"2013-11-11T10:37:55","guid":{"rendered":"http:\/\/cppuente.educacion.navarra.es\/web\/apyma\/?page_id=4"},"modified":"2021-01-13T14:55:06","modified_gmt":"2021-01-13T13:55:06","slug":"apyma","status":"publish","type":"page","link":"https:\/\/cppuente.educacion.navarra.es\/web\/apyma\/apyma\/","title":{"rendered":"La Apyma somos todos y todas"},"content":{"rendered":"\n<p>Todos habr\u00e9is o\u00eddo hablar muchas veces de la APYMA y posiblemente os habr\u00e9is preguntado tambi\u00e9n que es, que hace,\u2026.<\/p>\n\n\n\n<p>Una APYMA es una entidad estable, sin \u00e1nimo de lucro, independiente de instituciones, partidos pol\u00edticos, empresas y otras entidades; compuesta por padres, madres o tutores de alumnos\/as escolarizados en centros no universitarios, en los que podr\u00e1n tener su sede. Tienen como finalidad organizar el derecho de los padres y madres de intervenir en el control y gesti\u00f3n de dicho centro, as\u00ed como participar en la planificaci\u00f3n general de la ense\u00f1anza, exigiendo a quien corresponda el mayor nivel de calidad y la garant\u00eda de su mantenimiento. <\/p>\n\n\n\n<div class=\"wp-block-image\"><figure class=\"aligncenter size-large\"><a href=\"https:\/\/cppuente.educacion.navarra.es\/web\/apyma\/wp-content\/uploads\/sites\/11\/2021\/01\/Zabalzagain.png\"><img loading=\"lazy\" width=\"500\" height=\"500\" src=\"https:\/\/cppuente.educacion.navarra.es\/web\/apyma\/wp-content\/uploads\/sites\/11\/2021\/01\/Zabalzagain.png\" alt=\"\" class=\"wp-image-689\" srcset=\"https:\/\/cppuente.educacion.navarra.es\/web\/apyma\/wp-content\/uploads\/sites\/11\/2021\/01\/Zabalzagain.png 500w, https:\/\/cppuente.educacion.navarra.es\/web\/apyma\/wp-content\/uploads\/sites\/11\/2021\/01\/Zabalzagain-300x300.png 300w, https:\/\/cppuente.educacion.navarra.es\/web\/apyma\/wp-content\/uploads\/sites\/11\/2021\/01\/Zabalzagain-150x150.png 150w\" sizes=\"(max-width: 500px) 100vw, 500px\" \/><\/a><\/figure><\/div>\n\n\n\n<h2>\u00a0<\/h2>\n","protected":false},"excerpt":{"rendered":"<p>Todos habr\u00e9is o\u00eddo hablar muchas veces de la APYMA y posiblemente os habr\u00e9is preguntado tambi\u00e9n que es, que hace,\u2026. Una APYMA es una entidad estable, sin \u00e1nimo de lucro, independiente de instituciones, partidos pol\u00edticos, empresas y otras entidades; compuesta por padres, madres o tutores de alumnos\/as escolarizados en centros no universitarios, en los que podr\u00e1n [&hellip;]<\/p>\n","protected":false},"author":60,"featured_media":0,"parent":0,"menu_order":0,"comment_status":"closed","ping_status":"closed","template":"","meta":{"_genesis_hide_title":false,"_genesis_hide_breadcrumbs":false,"_genesis_hide_singular_image":false,"_genesis_hide_footer_widgets":false,"_genesis_custom_body_class":"","_genesis_custom_post_class":"","_genesis_layout":""},"featured_image_src":null,"featured_image_src_square":null,"_links":{"self":[{"href":"https:\/\/cppuente.educacion.navarra.es\/web\/apyma\/wp-json\/wp\/v2\/pages\/4"}],"collection":[{"href":"https:\/\/cppuente.educacion.navarra.es\/web\/apyma\/wp-json\/wp\/v2\/pages"}],"about":[{"href":"https:\/\/cppuente.educacion.navarra.es\/web\/apyma\/wp-json\/wp\/v2\/types\/page"}],"author":[{"embeddable":true,"href":"https:\/\/cppuente.educacion.navarra.es\/web\/apyma\/wp-json\/wp\/v2\/users\/60"}],"replies":[{"embeddable":true,"href":"https:\/\/cppuente.educacion.navarra.es\/web\/apyma\/wp-json\/wp\/v2\/comments?post=4"}],"version-history":[{"count":33,"href":"https:\/\/cppuente.educacion.navarra.es\/web\/apyma\/wp-json\/wp\/v2\/pages\/4\/revisions"}],"predecessor-version":[{"id":702,"href":"https:\/\/cppuente.educacion.navarra.es\/web\/apyma\/wp-json\/wp\/v2\/pages\/4\/revisions\/702"}],"wp:attachment":[{"href":"https:\/\/cppuente.educacion.navarra.es\/web\/apyma\/wp-json\/wp\/v2\/media?parent=4"}],"curies":[{"name":"wp","href":"https:\/\/api.w.org\/{rel}","templated":true}]}}