{"id":665,"date":"2021-01-11T12:16:56","date_gmt":"2021-01-11T11:16:56","guid":{"rendered":"https:\/\/cppuente.educacion.navarra.es\/web\/apyma\/?page_id=665"},"modified":"2021-01-11T12:16:57","modified_gmt":"2021-01-11T11:16:57","slug":"escuela-de-padres-y-madres","status":"publish","type":"page","link":"https:\/\/cppuente.educacion.navarra.es\/web\/apyma\/escuela-de-padres-y-madres\/","title":{"rendered":"Escuela de padres y madres"},"content":{"rendered":"\n<h2 class=\"has-theme-primary-color has-text-color\">Un espacio para la implicaci\u00f3n en la educaci\u00f3n de los hijos\/as<\/h2>\n\n\n\n<p>La Escuela de padres y madres fomenta iniciativas y proyectos que persiguen la participaci\u00f3n de los padres y madres en el proceso educativo en su totalidad, no s\u00f3lo del acad\u00e9mico.<\/p>\n\n\n\n<p>Entre las iniciativas que promueve nuestra\u00a0<strong>Escuela de padres y madres<\/strong> est\u00e1n: cursos, talleres, charlas y coloquios que buscan fomentar la participaci\u00f3n de los padres, madres y profesorado, ofrecer conocimientos aplicados, poner en com\u00fan las dudas y cuestiones, y favorecer la interacci\u00f3n entre todos los agentes implicados en la formaci\u00f3n de los ni\u00f1os y ni\u00f1as.<\/p>\n\n\n\n<div class=\"wp-block-image\"><figure class=\"aligncenter size-large is-resized\"><a href=\"https:\/\/cppuente.educacion.navarra.es\/web\/apyma\/wp-content\/uploads\/sites\/11\/2021\/01\/22-222219_transparent-teamwork-clipart-trabajo-en-equipos-png-png.png\"><img loading=\"lazy\" src=\"https:\/\/cppuente.educacion.navarra.es\/web\/apyma\/wp-content\/uploads\/sites\/11\/2021\/01\/22-222219_transparent-teamwork-clipart-trabajo-en-equipos-png-png.png\" alt=\"\" class=\"wp-image-666\" width=\"451\" height=\"512\" srcset=\"https:\/\/cppuente.educacion.navarra.es\/web\/apyma\/wp-content\/uploads\/sites\/11\/2021\/01\/22-222219_transparent-teamwork-clipart-trabajo-en-equipos-png-png.png 860w, https:\/\/cppuente.educacion.navarra.es\/web\/apyma\/wp-content\/uploads\/sites\/11\/2021\/01\/22-222219_transparent-teamwork-clipart-trabajo-en-equipos-png-png-264x300.png 264w, https:\/\/cppuente.educacion.navarra.es\/web\/apyma\/wp-content\/uploads\/sites\/11\/2021\/01\/22-222219_transparent-teamwork-clipart-trabajo-en-equipos-png-png-768x872.png 768w\" sizes=\"(max-width: 451px) 100vw, 451px\" \/><\/a><\/figure><\/div>\n","protected":false},"excerpt":{"rendered":"<p>Un espacio para la implicaci\u00f3n en la educaci\u00f3n de los hijos\/as La Escuela de padres y madres fomenta iniciativas y proyectos que persiguen la participaci\u00f3n de los padres y madres en el proceso educativo en su totalidad, no s\u00f3lo del acad\u00e9mico. Entre las iniciativas que promueve nuestra\u00a0Escuela de padres y madres est\u00e1n: cursos, talleres, charlas [&hellip;]<\/p>\n","protected":false},"author":893,"featured_media":0,"parent":0,"menu_order":0,"comment_status":"closed","ping_status":"closed","template":"","meta":{"_genesis_hide_title":false,"_genesis_hide_breadcrumbs":false,"_genesis_hide_singular_image":false,"_genesis_hide_footer_widgets":false,"_genesis_custom_body_class":"","_genesis_custom_post_class":"","_genesis_layout":""},"featured_image_src":null,"featured_image_src_square":null,"_links":{"self":[{"href":"https:\/\/cppuente.educacion.navarra.es\/web\/apyma\/wp-json\/wp\/v2\/pages\/665"}],"collection":[{"href":"https:\/\/cppuente.educacion.navarra.es\/web\/apyma\/wp-json\/wp\/v2\/pages"}],"about":[{"href":"https:\/\/cppuente.educacion.navarra.es\/web\/apyma\/wp-json\/wp\/v2\/types\/page"}],"author":[{"embeddable":true,"href":"https:\/\/cppuente.educacion.navarra.es\/web\/apyma\/wp-json\/wp\/v2\/users\/893"}],"replies":[{"embeddable":true,"href":"https:\/\/cppuente.educacion.navarra.es\/web\/apyma\/wp-json\/wp\/v2\/comments?post=665"}],"version-history":[{"count":1,"href":"https:\/\/cppuente.educacion.navarra.es\/web\/apyma\/wp-json\/wp\/v2\/pages\/665\/revisions"}],"predecessor-version":[{"id":667,"href":"https:\/\/cppuente.educacion.navarra.es\/web\/apyma\/wp-json\/wp\/v2\/pages\/665\/revisions\/667"}],"wp:attachment":[{"href":"https:\/\/cppuente.educacion.navarra.es\/web\/apyma\/wp-json\/wp\/v2\/media?parent=665"}],"curies":[{"name":"wp","href":"https:\/\/api.w.org\/{rel}","templated":true}]}}