{"id":673,"date":"2021-01-11T12:31:20","date_gmt":"2021-01-11T11:31:20","guid":{"rendered":"https:\/\/cppuente.educacion.navarra.es\/web\/apyma\/?page_id=673"},"modified":"2021-01-25T14:04:47","modified_gmt":"2021-01-25T13:04:47","slug":"representacion-en-el-consejo-escolar","status":"publish","type":"page","link":"https:\/\/cppuente.educacion.navarra.es\/web\/apyma\/representacion-en-el-consejo-escolar\/","title":{"rendered":"Representaci\u00f3n en el Consejo Escolar"},"content":{"rendered":"\n<p>El <strong>Consejo Escolar<\/strong> del centro es el \u00f3rgano de participaci\u00f3n de la comunidad educativa en el funcionamiento del centro.<\/p>\n\n\n\n<p>En los centros p\u00fablicos lo forman: <\/p>\n\n\n\n<ul><li>El director o directora, que lo preside. <\/li><li>El jefe o jefa de estudios. <\/li><li>Un o una representante del ayuntamiento.<\/li><li>Los y las representantes del profesorado elegidos en el claustro. <\/li><li>Los y las representantes del alumnado y de los padres y madres o tutores, elegidos respectivamente por y entre ellos.<\/li><li>Un o una representante del personal de administraci\u00f3n y servicios.<\/li><\/ul>\n\n\n\n<h2 class=\"has-theme-primary-color has-text-color\">\u00bfCU\u00c1L ES LA FUNCI\u00d3N DEL CONSEJO ESCOLAR EN LOS CENTROS P\u00daBLICOS?<\/h2>\n\n\n\n<ol><li>Participar en la aprobaci\u00f3n del proyecto educativo.<\/li><li>Participar en la aprobaci\u00f3n de la programaci\u00f3n general anual, de las normas de<br>funcionamiento y de la gesti\u00f3n econ\u00f3mica del centro.<\/li><li>Evaluar la aplicaci\u00f3n del proyecto educativo y de sus modificaciones as\u00ed como del resto<br>de documentos de gesti\u00f3n del centro.<\/li><li>Aprobar las propuestas de acuerdos de corresponsabilidad, convenios y otros acuerdos<br>de colaboraci\u00f3n del centro con entidades e instituciones.<\/li><li>Intervenir en el procedimiento de admisi\u00f3n de alumnos.<\/li><li>Participar en el procedimiento de selecci\u00f3n y en la propuesta de cese del director o<br>directora.<\/li><li>Intervenir en la resoluci\u00f3n de los conflictos y, en su caso, revisar las sanciones a los<br>alumnos.<\/li><li>Aprobar las directrices para la programaci\u00f3n de actividades escolares complementarias y<br>de actividades extraescolares, y evaluar su desarrollo.<\/li><li>Participar en los an\u00e1lisis y las evaluaciones del funcionamiento general del centro y<br>conocer la evoluci\u00f3n del rendimiento escolar.<\/li><li>Aprobar los criterios de colaboraci\u00f3n con otros centros y con el entorno.<\/li><li>Cualquier otra que le sea atribuida por las normas legales o reglamentarias.<\/li><\/ol>\n","protected":false},"excerpt":{"rendered":"<p>El Consejo Escolar del centro es el \u00f3rgano de participaci\u00f3n de la comunidad educativa en el funcionamiento del centro. En los centros p\u00fablicos lo forman: El director o directora, que lo preside. El jefe o jefa de estudios. Un o una representante del ayuntamiento. Los y las representantes del profesorado elegidos en el claustro. Los [&hellip;]<\/p>\n","protected":false},"author":893,"featured_media":0,"parent":0,"menu_order":0,"comment_status":"closed","ping_status":"closed","template":"","meta":{"_genesis_hide_title":false,"_genesis_hide_breadcrumbs":false,"_genesis_hide_singular_image":false,"_genesis_hide_footer_widgets":false,"_genesis_custom_body_class":"","_genesis_custom_post_class":"","_genesis_layout":""},"featured_image_src":null,"featured_image_src_square":null,"_links":{"self":[{"href":"https:\/\/cppuente.educacion.navarra.es\/web\/apyma\/wp-json\/wp\/v2\/pages\/673"}],"collection":[{"href":"https:\/\/cppuente.educacion.navarra.es\/web\/apyma\/wp-json\/wp\/v2\/pages"}],"about":[{"href":"https:\/\/cppuente.educacion.navarra.es\/web\/apyma\/wp-json\/wp\/v2\/types\/page"}],"author":[{"embeddable":true,"href":"https:\/\/cppuente.educacion.navarra.es\/web\/apyma\/wp-json\/wp\/v2\/users\/893"}],"replies":[{"embeddable":true,"href":"https:\/\/cppuente.educacion.navarra.es\/web\/apyma\/wp-json\/wp\/v2\/comments?post=673"}],"version-history":[{"count":2,"href":"https:\/\/cppuente.educacion.navarra.es\/web\/apyma\/wp-json\/wp\/v2\/pages\/673\/revisions"}],"predecessor-version":[{"id":780,"href":"https:\/\/cppuente.educacion.navarra.es\/web\/apyma\/wp-json\/wp\/v2\/pages\/673\/revisions\/780"}],"wp:attachment":[{"href":"https:\/\/cppuente.educacion.navarra.es\/web\/apyma\/wp-json\/wp\/v2\/media?parent=673"}],"curies":[{"name":"wp","href":"https:\/\/api.w.org\/{rel}","templated":true}]}}