{"id":717,"date":"2021-01-17T21:04:52","date_gmt":"2021-01-17T20:04:52","guid":{"rendered":"https:\/\/cppuente.educacion.navarra.es\/web\/apyma\/?page_id=717"},"modified":"2021-01-17T21:04:53","modified_gmt":"2021-01-17T20:04:53","slug":"actividades-extraescolares","status":"publish","type":"page","link":"https:\/\/cppuente.educacion.navarra.es\/web\/apyma\/actividades-extraescolares\/","title":{"rendered":"Actividades extraescolares"},"content":{"rendered":"\n<p>Ingl\u00e9s, franc\u00e9s, alem\u00e1n, cocina, teatro, mindfulness, ajedrez\u2026 y campamentos de idiomas durante las navidades, semana santa y semana blanca&#8230; Cada curso escolar dispondr\u00e1s de una variada oferta de actividades extraescolares para tus hijos\/as. <\/p>\n\n\n\n<h2>Curso 2020-21<\/h2>\n\n\n\n<blockquote class=\"wp-block-quote\"><p>Debido a las restricciones del Departamento de Educaci\u00f3n y el Gobierno de Navarra por la pandemia del COVID-19, el presente curso NO SE REALIZAR\u00c1N actividades extraescolares.<\/p><\/blockquote>\n","protected":false},"excerpt":{"rendered":"<p>Ingl\u00e9s, franc\u00e9s, alem\u00e1n, cocina, teatro, mindfulness, ajedrez\u2026 y campamentos de idiomas durante las navidades, semana santa y semana blanca&#8230; Cada curso escolar dispondr\u00e1s de una variada oferta de actividades extraescolares para tus hijos\/as. Curso 2020-21 Debido a las restricciones del Departamento de Educaci\u00f3n y el Gobierno de Navarra por la pandemia del COVID-19, el presente [&hellip;]<\/p>\n","protected":false},"author":893,"featured_media":0,"parent":0,"menu_order":0,"comment_status":"closed","ping_status":"closed","template":"","meta":{"_genesis_hide_title":false,"_genesis_hide_breadcrumbs":false,"_genesis_hide_singular_image":false,"_genesis_hide_footer_widgets":false,"_genesis_custom_body_class":"","_genesis_custom_post_class":"","_genesis_layout":""},"featured_image_src":null,"featured_image_src_square":null,"_links":{"self":[{"href":"https:\/\/cppuente.educacion.navarra.es\/web\/apyma\/wp-json\/wp\/v2\/pages\/717"}],"collection":[{"href":"https:\/\/cppuente.educacion.navarra.es\/web\/apyma\/wp-json\/wp\/v2\/pages"}],"about":[{"href":"https:\/\/cppuente.educacion.navarra.es\/web\/apyma\/wp-json\/wp\/v2\/types\/page"}],"author":[{"embeddable":true,"href":"https:\/\/cppuente.educacion.navarra.es\/web\/apyma\/wp-json\/wp\/v2\/users\/893"}],"replies":[{"embeddable":true,"href":"https:\/\/cppuente.educacion.navarra.es\/web\/apyma\/wp-json\/wp\/v2\/comments?post=717"}],"version-history":[{"count":1,"href":"https:\/\/cppuente.educacion.navarra.es\/web\/apyma\/wp-json\/wp\/v2\/pages\/717\/revisions"}],"predecessor-version":[{"id":718,"href":"https:\/\/cppuente.educacion.navarra.es\/web\/apyma\/wp-json\/wp\/v2\/pages\/717\/revisions\/718"}],"wp:attachment":[{"href":"https:\/\/cppuente.educacion.navarra.es\/web\/apyma\/wp-json\/wp\/v2\/media?parent=717"}],"curies":[{"name":"wp","href":"https:\/\/api.w.org\/{rel}","templated":true}]}}