{"id":8255,"date":"2020-09-04T00:20:23","date_gmt":"2020-09-03T22:20:23","guid":{"rendered":"https:\/\/cppuente.educacion.navarra.es\/web\/nuestra-escuela\/"},"modified":"2022-06-01T12:03:01","modified_gmt":"2022-06-01T10:03:01","slug":"nuestra-escuela","status":"publish","type":"page","link":"https:\/\/cppuente.educacion.navarra.es\/web\/eu\/nuestra-escuela\/","title":{"rendered":"Gure eskola"},"content":{"rendered":"\n<div class=\"wp-block-image\"><figure class=\"aligncenter size-full\"><a href=\"https:\/\/cppuente.educacion.navarra.es\/web\/wp-content\/uploads\/2022\/06\/LOGO-SIN-FONDO.png\"><img loading=\"lazy\" width=\"374\" height=\"363\" src=\"https:\/\/cppuente.educacion.navarra.es\/web\/wp-content\/uploads\/2022\/06\/LOGO-SIN-FONDO.png\" alt=\"\" class=\"wp-image-9233\" srcset=\"https:\/\/cppuente.educacion.navarra.es\/web\/wp-content\/uploads\/2022\/06\/LOGO-SIN-FONDO.png 374w, https:\/\/cppuente.educacion.navarra.es\/web\/wp-content\/uploads\/2022\/06\/LOGO-SIN-FONDO-300x291.png 300w\" sizes=\"(max-width: 374px) 100vw, 374px\" \/><\/a><\/figure><\/div>\n\n<p>Gares-Puente la Reina, Nafarroako Foru Komunitateko hiribildu eta udalerri bat da, Iru\u00f1eko merindadean, Izarbeibarko bailaran eta Iru\u00f1etik 24 kilometrora kokatuta.<\/p>\n\n<p><strong>GARES-PUENTE LA REINA eskualdeko ikastetxe publikoa<\/strong> 1997an ireki zen. Ikastetxean Haur Hezkuntzako eta Lehen Hezkuntzako etapak ematen dira, hiru hizkuntza-modalitatetan, PAI programarekin:<\/p>\n\n<ul><li><strong>G eredua<\/strong>. Gaztelaniazko irakaskuntza<\/li><li><strong>A eredua<\/strong>. Irakaskuntza gaztelaniaz eta euskara irakasgai gisa.<\/li><li><strong>D eredua<\/strong>. Euskarazko irakaskuntza eta gaztelania irakasgai gisa.<\/li><\/ul>\n<div class=\"wp-block-genesis-blocks-gb-cta gb-block-cta alignfull\" style=\"text-align: center;\">\r\n<div class=\"gb-cta-image-wrap\"><img class=\"gb-cta-image has-background-dim\" src=\"https:\/\/cppuente.educacion.navarra.es\/web\/wp-content\/uploads\/2019\/12\/FormatFactoryaaron-burden-6jYoil2GhVk-unsplash.jpg\" alt=\"\" \/><\/div>\r\n<div class=\"gb-cta-content\">\r\n<h2 class=\"gb-cta-title gb-font-size-32\" style=\"color: #32373c;\">Ikusi hezkuntza-eskaintza<\/h2>\r\n<div class=\"gb-cta-text gb-font-size-32\" style=\"color: #32373c;\"><\/div>\r\n<\/div>\r\n<div class=\"gb-cta-button\"><a class=\"gb-button gb-button-shape-rounded gb-button-size-medium\" style=\"color: #ffffff; background-color: #3373dc;\" href=\"https:\/\/cppuente.educacion.navarra.es\/web\/eu\/nuestra-escuela\/eskaintza\/\" target=\"_self\" rel=\"noopener noreferrer\">Hemen klikatu<\/a><\/div>\r\n<\/div>\n\n<p>Ikastetxearen eskualde-izaera dela eta, <a href=\"https:\/\/cppuente.educacion.navarra.es\/web\/eu\/zerbitzuak\/garroioa\/\">garraio-zerbitzua<\/a>, <a href=\"https:\/\/cppuente.educacion.navarra.es\/web\/eu\/zerbitzuak\/goizeko-ikasgela\/\">goizeko gela<\/a> eta <a href=\"https:\/\/cppuente.educacion.navarra.es\/web\/eu\/zerbitzuak\/jantokia\/\">eskolako jantokia<\/a> ditugu.<\/p>\n\n<p>Halaber, zentroak zerbitzu anitzetako udal langile bat du, atezain lanpostuari atxikitua.<\/p>\n\n<p>Gure ikastetxean bada Guraso Elkarte bat, \u201cZabalzagain\u201d izenekoa, guraso asko bazkide direnak. Ikasturtean zehar, Guraso elkarteak hainbat jardueratan parte hartzen du, eta prestakuntza eta informazio hitzaldiak antolatzen ditu eskola-komunitateko guraso guztientzat.<\/p>\n\n<h2>Espazioak eta instalazioak<\/h2>\n\n<div class=\"wp-block-genesis-blocks-gb-cta gb-block-cta alignfull\" style=\"text-align: center;\">\r\n<div class=\"gb-cta-image-wrap\"><img class=\"gb-cta-image has-background-dim\" src=\"https:\/\/cppuente.educacion.navarra.es\/web\/wp-content\/uploads\/2019\/11\/Garesko-patioa.jpg\" alt=\"\" \/><\/div>\r\n<div class=\"gb-cta-content\">\r\n<h2 class=\"gb-cta-title gb-font-size-32\" style=\"color: #32373c;\">Ikusi espazioak eta instalazioak<\/h2>\r\n<div class=\"gb-cta-text gb-font-size-32\" style=\"color: #32373c;\"><\/div>\r\n<\/div>\r\n<div class=\"gb-cta-button\"><a class=\"gb-button gb-button-shape-rounded gb-button-size-medium\" style=\"color: #ffffff; background-color: #3373dc;\" href=\"https:\/\/cppuente.educacion.navarra.es\/web\/eu\/instalaciones\/\" target=\"_self\" rel=\"noopener noreferrer\">Hemen klikatu<\/a><\/div>\r\n<\/div>\n\n<h2>Gure ingurunea<\/h2>\n\n<p>Ikastetxearen eskualde-izaera bailara hauetako ikasleen jatorriagatik:<\/p>\n\n<ul><li>Izarbeibar: A\u00f1orbe, Tirapu, \u00dacar, Eneriz, Adi\u00f3s, Uterga, Muruzabal, Obanos,  Legarda eta Gares.<\/li><li>Ma\u00f1eru bailara: Zirauki, Ma\u00f1eru, Artazu, Guirguillano y Etxarren (Girgillao)<\/li><\/ul>\n<p>Iragan historikoaren fruitu den ondare monumentalaren barruan, Arga ibaiaren gaineko zubi erromanikoa nabarmendu behar da, Done Jakue Bidea zeharkatzen duen hiribilduari izena ematen diona. Asmo horrekin eraiki zen XI. mendean, segur aski Mayor andreak, Antso Nagusia erregearen emazteak edo Estefan\u00eda andreak, Garc\u00eda de N\u00e1jera erregearen emazteak, aginduta; eta Eunateko Santa Maria eliza, Donejakue Bideko ederrenetako bat, ibarreko erdigune neuralgikoa dena.<\/p>\n\n<figure class=\"wp-block-image size-large\"><img loading=\"lazy\" width=\"1024\" height=\"512\" src=\"https:\/\/cppuente.educacion.navarra.es\/web\/wp-content\/uploads\/2019\/10\/portada1-1024x512.jpg\" alt=\"\" class=\"wp-image-6359\" srcset=\"https:\/\/cppuente.educacion.navarra.es\/web\/wp-content\/uploads\/2019\/10\/portada1-1024x512.jpg 1024w, https:\/\/cppuente.educacion.navarra.es\/web\/wp-content\/uploads\/2019\/10\/portada1-300x150.jpg 300w, https:\/\/cppuente.educacion.navarra.es\/web\/wp-content\/uploads\/2019\/10\/portada1-768x384.jpg 768w, https:\/\/cppuente.educacion.navarra.es\/web\/wp-content\/uploads\/2019\/10\/portada1.jpg 1600w\" sizes=\"(max-width: 1024px) 100vw, 1024px\" \/><\/figure>\n<p>Paisaiaren berezko edertasuna zereal zelaiek osatzen dute, mahatsondoarekin eta olibondoarekin nahastuta.<\/p>\n\n<h2>Hezkuntza, kultura, josteta, kirol, osasun eta gizarte baliabideak<\/h2>\n\n<p><strong>Hezkuntza-baliabideak:<\/strong> Garesen, eskualdeko ikastetxe elebidunaz gain, <a href=\"http:\/\/ikus-mira.blogspot.com\/\"><strong>haurtzaindegi<\/strong><\/a> bat dago (0-3 urte) gurasoek kudeatua, baita gure ikastetxean bertan egoitza duen <a href=\"http:\/\/www.puentelareina-gares.es\/eu\/escuela-de-musica\/\"><strong>Udalaren Musika Eskola<\/strong><\/a> ere.<\/p>\n\n<p><strong>Kultur baliabideak:<\/strong> Gure herrian eta inguruko hainbat udalerritan <a href=\"http:\/\/www.puentelareina-gares.es\/eu\/biblioteca\/\">liburutegi publikoak<\/a>, <a href=\"http:\/\/www.puentelareina-gares.es\/eu\/escuela-de-musica\/\">musika bandak<\/a>, abesbatzak, dantza taldeak, erretiratuen elkarteak eta abar daude. Hainbat kultur gune eta <a href=\"https:\/\/www.navarra.es\/home_es\/Temas\/Turismo+ocio+y+cultura\/Museos\/Otros+centros+expositivos\/Centros+monograficos\/Centro+expositivo+Ultrapontem.htm\">zentro<\/a> ere badaude, tailerrak, erakusketak eta abar egiteko.<\/p>\n\n<p><strong>Jolas eta kirol baliabideak:<\/strong> Inguruko herri guztiek kirol instalazioren bat dute: igerilekuak, pilotaleku estaliak, futbol zelaiak, tenis pistak, haur parkeak. Horietan hainbat <a href=\"http:\/\/www.serviciossocialesbasevaldizarbe.com\/actividades\/\">kirol jarduera<\/a> egiten dira (txirrindularitza, futbola, pilota&#8230;), zenbait klub, elkarte edo taldek koordinatuta.<\/p>\n\n<p><strong>Osasun baliabideak:<\/strong> <a href=\"http:\/\/www.puentelareina-gares.es\/eu\/centro-de-salud\/\">Eskualdeko osasun zentroa<\/a> eta D.Y.A.ren oinarria Garesen daude. Gainerako herriek beren tokiko osasun zentroak dituzte.<\/p>\n\n<p><strong>Gizarte baliabideak:<\/strong> Duela zenbait urtetik hona, inguru honetan <a href=\"http:\/\/www.serviciossocialesbasevaldizarbe.com\/\">Gizarte Zerbitzu Oinarrizkoen Mankomunitateak<\/a> funtzionatzen duela, eta 4 programa ditu:<\/p>\n\n<ul><li>Gizarte Harrera eta Orientazio Programa, herritar guztiei zuzendua, gizarte-zerbitzuen aurrean beharrak dituzten pertsonei esku-hartze soziala edo baliabideetara bideratzea eskainiko diena.<\/li><\/ul>\n<ul><li>Autonomia pertsonala sustatzeko eta mendetasun-egoeran dauden pertsonak zaintzeko programa.<\/li><\/ul>\n<ul><li>Lehen Mailako Arretan Gizarteratzeko Programa.<\/li><\/ul>\n<ul><li>Lehen Mailako Arretako Haurren eta Familien Arretarako Programa.<\/li><\/ul>\n<p>Gizarte-eragile horren beste programa batzuk honako hauek dira:<\/p>\n\n<ul><li>Kirol Programa.<\/li><li>Gizarte-Enplegu Babestuko Programa.<\/li><li>Osasun Prebentzio eta komunitate-sustapenerako programa.<\/li><li>Larrialdietarako Laguntzen Programa.<\/li><li>Elikagaien eta arropen bankuko programa.<\/li><\/ul>\n<p><strong>2019-20 ikasturteaz<\/strong> geroztik, Izarbeibar ingururako <strong>hezkuntza-sustatzaile<\/strong> bat dugu, arlo eta erakunde desberdinen arteko bitartekaritza egiteaz arduratzen dena.<\/p>\n","protected":false},"excerpt":{"rendered":"<p>Gares-Puente la Reina, Nafarroako Foru Komunitateko hiribildu eta udalerri bat da, Iru\u00f1eko merindadean, Izarbeibarko bailaran eta Iru\u00f1etik 24 kilometrora kokatuta. GARES-PUENTE LA REINA eskualdeko ikastetxe publikoa 1997an ireki zen. Ikastetxean Haur Hezkuntzako eta Lehen Hezkuntzako etapak ematen dira, hiru hizkuntza-modalitatetan, PAI programarekin: G eredua. Gaztelaniazko irakaskuntza A eredua. Irakaskuntza gaztelaniaz eta euskara irakasgai gisa. D [&hellip;]<\/p>\n","protected":false},"author":1,"featured_media":7601,"parent":0,"menu_order":0,"comment_status":"closed","ping_status":"closed","template":"","meta":{"_genesis_hide_title":false,"_genesis_hide_breadcrumbs":false,"_genesis_hide_singular_image":false,"_genesis_hide_footer_widgets":false,"_genesis_custom_body_class":"","_genesis_custom_post_class":"","_genesis_layout":""},"featured_image_src":"https:\/\/cppuente.educacion.navarra.es\/web\/wp-content\/uploads\/2020\/10\/4B.jpg","featured_image_src_square":"https:\/\/cppuente.educacion.navarra.es\/web\/wp-content\/uploads\/2020\/10\/4B.jpg","_links":{"self":[{"href":"https:\/\/cppuente.educacion.navarra.es\/web\/eu\/wp-json\/wp\/v2\/pages\/8255"}],"collection":[{"href":"https:\/\/cppuente.educacion.navarra.es\/web\/eu\/wp-json\/wp\/v2\/pages"}],"about":[{"href":"https:\/\/cppuente.educacion.navarra.es\/web\/eu\/wp-json\/wp\/v2\/types\/page"}],"author":[{"embeddable":true,"href":"https:\/\/cppuente.educacion.navarra.es\/web\/eu\/wp-json\/wp\/v2\/users\/1"}],"replies":[{"embeddable":true,"href":"https:\/\/cppuente.educacion.navarra.es\/web\/eu\/wp-json\/wp\/v2\/comments?post=8255"}],"version-history":[{"count":6,"href":"https:\/\/cppuente.educacion.navarra.es\/web\/eu\/wp-json\/wp\/v2\/pages\/8255\/revisions"}],"predecessor-version":[{"id":9240,"href":"https:\/\/cppuente.educacion.navarra.es\/web\/eu\/wp-json\/wp\/v2\/pages\/8255\/revisions\/9240"}],"wp:featuredmedia":[{"embeddable":true,"href":"https:\/\/cppuente.educacion.navarra.es\/web\/eu\/wp-json\/wp\/v2\/media\/7601"}],"wp:attachment":[{"href":"https:\/\/cppuente.educacion.navarra.es\/web\/eu\/wp-json\/wp\/v2\/media?parent=8255"}],"curies":[{"name":"wp","href":"https:\/\/api.w.org\/{rel}","templated":true}]}}