{"id":2,"date":"2013-10-09T18:59:24","date_gmt":"2013-10-09T18:59:24","guid":{"rendered":"http:\/\/cppuente.educacion.navarra.es\/web\/ideas\/?page_id=2"},"modified":"2013-11-19T12:41:46","modified_gmt":"2013-11-19T12:41:46","slug":"pagina-ejemplo","status":"publish","type":"page","link":"https:\/\/cppuente.educacion.navarra.es\/web\/ideas\/pagina-ejemplo\/","title":{"rendered":"Curso escolar"},"content":{"rendered":"<p>Este trimestre vamos a trabajar el tema del Oto\u00f1o en clase de pl\u00e1stica. Nos fijaremos en la luz, el color, el paisaje y lo alumnos lo plasmr\u00e1n en un trabajo donde plasmar\u00e1n todos estos aspectos.<\/p>\n","protected":false},"excerpt":{"rendered":"<p>Este trimestre vamos a trabajar el tema del Oto\u00f1o en clase de pl\u00e1stica. Nos fijaremos en la luz, el color, el paisaje y lo alumnos lo plasmr\u00e1n en un trabajo donde plasmar\u00e1n todos estos aspectos.<\/p>\n","protected":false},"author":54,"featured_media":0,"parent":0,"menu_order":0,"comment_status":"open","ping_status":"closed","template":"","meta":[],"_links":{"self":[{"href":"https:\/\/cppuente.educacion.navarra.es\/web\/ideas\/wp-json\/wp\/v2\/pages\/2"}],"collection":[{"href":"https:\/\/cppuente.educacion.navarra.es\/web\/ideas\/wp-json\/wp\/v2\/pages"}],"about":[{"href":"https:\/\/cppuente.educacion.navarra.es\/web\/ideas\/wp-json\/wp\/v2\/types\/page"}],"author":[{"embeddable":true,"href":"https:\/\/cppuente.educacion.navarra.es\/web\/ideas\/wp-json\/wp\/v2\/users\/54"}],"replies":[{"embeddable":true,"href":"https:\/\/cppuente.educacion.navarra.es\/web\/ideas\/wp-json\/wp\/v2\/comments?post=2"}],"version-history":[{"count":3,"href":"https:\/\/cppuente.educacion.navarra.es\/web\/ideas\/wp-json\/wp\/v2\/pages\/2\/revisions"}],"predecessor-version":[{"id":85,"href":"https:\/\/cppuente.educacion.navarra.es\/web\/ideas\/wp-json\/wp\/v2\/pages\/2\/revisions\/85"}],"wp:attachment":[{"href":"https:\/\/cppuente.educacion.navarra.es\/web\/ideas\/wp-json\/wp\/v2\/media?parent=2"}],"curies":[{"name":"wp","href":"https:\/\/api.w.org\/{rel}","templated":true}]}}