{"id":1963,"date":"2016-10-25T13:45:22","date_gmt":"2016-10-25T11:45:22","guid":{"rendered":"http:\/\/cppuente.educacion.navarra.es\/web\/?page_id=1963"},"modified":"2020-10-07T11:11:31","modified_gmt":"2020-10-07T09:11:31","slug":"aula-matinal","status":"publish","type":"page","link":"https:\/\/cppuente.educacion.navarra.es\/web\/servicios-complementarios\/aula-matinal\/","title":{"rendered":"Aula matinal"},"content":{"rendered":"\n<h2>Aula matinal<\/h2>\n\n\n\n<p>Es un servicio que organiza nuestra APYMA para todas aquellas familias que necesiten conciliar la vida laboral con la vida escolar de sus hijos e hijas.<\/p>\n\n\n\n<figure class=\"wp-block-image size-large\"><img loading=\"lazy\" width=\"1024\" height=\"719\" src=\"https:\/\/cppuente.educacion.navarra.es\/web\/wp-content\/uploads\/2019\/12\/FormatFactorymike-fox-P5PhmW-OoJg-unsplash-1024x719.jpg\" alt=\"\" class=\"wp-image-6649\" srcset=\"https:\/\/cppuente.educacion.navarra.es\/web\/wp-content\/uploads\/2019\/12\/FormatFactorymike-fox-P5PhmW-OoJg-unsplash-1024x719.jpg 1024w, https:\/\/cppuente.educacion.navarra.es\/web\/wp-content\/uploads\/2019\/12\/FormatFactorymike-fox-P5PhmW-OoJg-unsplash-300x211.jpg 300w, https:\/\/cppuente.educacion.navarra.es\/web\/wp-content\/uploads\/2019\/12\/FormatFactorymike-fox-P5PhmW-OoJg-unsplash-768x539.jpg 768w, https:\/\/cppuente.educacion.navarra.es\/web\/wp-content\/uploads\/2019\/12\/FormatFactorymike-fox-P5PhmW-OoJg-unsplash-1536x1078.jpg 1536w, https:\/\/cppuente.educacion.navarra.es\/web\/wp-content\/uploads\/2019\/12\/FormatFactorymike-fox-P5PhmW-OoJg-unsplash-2048x1437.jpg 2048w\" sizes=\"(max-width: 1024px) 100vw, 1024px\" \/><\/figure>\n\n\n\n<p>Este servicio requiere un m\u00ednimo de 10 usuarios y, en caso de exceder el  n\u00famero de solicitudes al de plazas, tendr\u00e1n prioridad los socios y socias de la APYMA y se regira siempre por orden de inscripci\u00f3n. <\/p>\n\n\n\n<p>El servicio se ofrecer\u00e1 durante todo el curso escolar, de lunes a viernes de 7:30 a 9:00 de la ma\u00f1ana, en el propio centro. <\/p>\n\n\n\n<p>Existen las opciones de hacer uso de este servicio durante todo el curso, mes a mes o d\u00edas sueltos. <\/p>\n\n\n\n<p>Puedes consultar las tarifas, metodo de pago e inscribirte en el siguiente enlace:<\/p>\n\n\n\n<div class=\"wp-block-media-text alignwide is-stacked-on-mobile\" style=\"grid-template-columns:15% auto\"><figure class=\"wp-block-media-text__media\"><a href=\"https:\/\/drive.google.com\/file\/d\/19bNEGsc-jMg5SVKx10e7L2pmFpxaXVCf\/view?usp=sharing\" target=\"_blank\" rel=\"noopener noreferrer\"><img loading=\"lazy\" width=\"360\" height=\"418\" src=\"https:\/\/cppuente.educacion.navarra.es\/web\/wp-content\/uploads\/2020\/09\/icono-PDF.png\" alt=\"\" class=\"wp-image-7408\" srcset=\"https:\/\/cppuente.educacion.navarra.es\/web\/wp-content\/uploads\/2020\/09\/icono-PDF.png 360w, https:\/\/cppuente.educacion.navarra.es\/web\/wp-content\/uploads\/2020\/09\/icono-PDF-258x300.png 258w\" sizes=\"(max-width: 360px) 100vw, 360px\" \/><\/a><\/figure><div class=\"wp-block-media-text__content\">\n<p class=\"has-large-font-size\"><a href=\"https:\/\/drive.google.com\/file\/d\/19bNEGsc-jMg5SVKx10e7L2pmFpxaXVCf\/view?usp=sharing\" target=\"_blank\" rel=\"noreferrer noopener\">Carta informativa del aula matinal del curso 2020-21 y ficha de inscripci\u00f3n<\/a><\/p>\n<\/div><\/div>\n\n\n\n<p>Las inscripciones pueden entregarse  en el buz\u00f3n de la Apyma, sito en el centro o en el correo electr\u00f3nico: <a rel=\"noreferrer noopener\" aria-label=\"apyma.zabalzagain@gmail.com (se abre en una nueva pesta\u00f1a)\" href=\"mailto:apyma.zabalzagain@gmail.com\" target=\"_blank\">apyma.zabalzagain@gmail.com<\/a><\/p>\n\n\n\n<h2>Plan de contingencia del aula matinal para el curso 2020-21<\/h2>\n\n\n\n<p>La pandemia ha implicado la necesidad de tomar medidas de prevenci\u00f3n y<br>protecci\u00f3n que obligan a un replanteamiento de la organizaci\u00f3n del aula<br>matinal para iniciar la actividad de manera segura.<\/p>\n\n\n\n<p>Puedes consultar el documento \u00edntegro en el siguiente <a href=\"https:\/\/drive.google.com\/file\/d\/1kwe2NdHPtJbdwEmfMC4cSb7w2WM14R_P\/view?usp=sharing\" target=\"_blank\" rel=\"noreferrer noopener\">ENLACE<\/a>.<\/p>\n","protected":false},"excerpt":{"rendered":"<p>Aula matinal Es un servicio que organiza nuestra APYMA para todas aquellas familias que necesiten conciliar la vida laboral con la vida escolar de sus hijos e hijas. Este servicio requiere un m\u00ednimo de 10 usuarios y, en caso de exceder el n\u00famero de solicitudes al de plazas, tendr\u00e1n prioridad los socios y socias de [&hellip;]<\/p>\n","protected":false},"author":893,"featured_media":6649,"parent":69,"menu_order":0,"comment_status":"closed","ping_status":"closed","template":"","meta":{"_genesis_hide_title":false,"_genesis_hide_breadcrumbs":false,"_genesis_hide_singular_image":false,"_genesis_hide_footer_widgets":false,"_genesis_custom_body_class":"","_genesis_custom_post_class":"","_genesis_layout":""},"featured_image_src":"https:\/\/cppuente.educacion.navarra.es\/web\/wp-content\/uploads\/2019\/12\/FormatFactorymike-fox-P5PhmW-OoJg-unsplash.jpg","featured_image_src_square":"https:\/\/cppuente.educacion.navarra.es\/web\/wp-content\/uploads\/2019\/12\/FormatFactorymike-fox-P5PhmW-OoJg-unsplash.jpg","_links":{"self":[{"href":"https:\/\/cppuente.educacion.navarra.es\/web\/wp-json\/wp\/v2\/pages\/1963"}],"collection":[{"href":"https:\/\/cppuente.educacion.navarra.es\/web\/wp-json\/wp\/v2\/pages"}],"about":[{"href":"https:\/\/cppuente.educacion.navarra.es\/web\/wp-json\/wp\/v2\/types\/page"}],"author":[{"embeddable":true,"href":"https:\/\/cppuente.educacion.navarra.es\/web\/wp-json\/wp\/v2\/users\/893"}],"replies":[{"embeddable":true,"href":"https:\/\/cppuente.educacion.navarra.es\/web\/wp-json\/wp\/v2\/comments?post=1963"}],"version-history":[{"count":11,"href":"https:\/\/cppuente.educacion.navarra.es\/web\/wp-json\/wp\/v2\/pages\/1963\/revisions"}],"predecessor-version":[{"id":7539,"href":"https:\/\/cppuente.educacion.navarra.es\/web\/wp-json\/wp\/v2\/pages\/1963\/revisions\/7539"}],"up":[{"embeddable":true,"href":"https:\/\/cppuente.educacion.navarra.es\/web\/wp-json\/wp\/v2\/pages\/69"}],"wp:featuredmedia":[{"embeddable":true,"href":"https:\/\/cppuente.educacion.navarra.es\/web\/wp-json\/wp\/v2\/media\/6649"}],"wp:attachment":[{"href":"https:\/\/cppuente.educacion.navarra.es\/web\/wp-json\/wp\/v2\/media?parent=1963"}],"curies":[{"name":"wp","href":"https:\/\/api.w.org\/{rel}","templated":true}]}}