{"id":2023,"date":"2016-11-03T16:04:04","date_gmt":"2016-11-03T15:04:04","guid":{"rendered":"http:\/\/cppuente.educacion.navarra.es\/web\/?page_id=2023"},"modified":"2026-01-27T16:12:10","modified_gmt":"2026-01-27T15:12:10","slug":"instalaciones","status":"publish","type":"page","link":"https:\/\/cppuente.educacion.navarra.es\/web\/instalaciones\/","title":{"rendered":"Instalaciones"},"content":{"rendered":"\n<div class=\"wp-block-cover aligncenter is-light\" style=\"min-height:800px\"><span aria-hidden=\"true\" class=\"has-background-dim-20 wp-block-cover__gradient-background has-background-dim\"><\/span><img loading=\"lazy\" width=\"800\" height=\"450\" class=\"wp-block-cover__image-background wp-image-283\" alt=\"\" src=\"https:\/\/cppuente.educacion.navarra.es\/web\/wp-content\/uploads\/2013\/10\/Eskola-6.jpg\" style=\"object-position:50% 50%\" data-object-fit=\"cover\" data-object-position=\"50% 50%\" srcset=\"https:\/\/cppuente.educacion.navarra.es\/web\/wp-content\/uploads\/2013\/10\/Eskola-6.jpg 800w, https:\/\/cppuente.educacion.navarra.es\/web\/wp-content\/uploads\/2013\/10\/Eskola-6-300x168.jpg 300w\" sizes=\"(max-width: 800px) 100vw, 800px\" \/><div class=\"wp-block-cover__inner-container\">\n<h2 class=\"alignwide has-text-color\" style=\"color:#ffe074;font-size:64px\">Edificio de Educaci\u00f3n Infantil<\/h2>\n\n\n\n<div class=\"wp-block-columns alignwide\">\n<div class=\"wp-block-column\" style=\"flex-basis:55%\">\n<div style=\"height:219px\" aria-hidden=\"true\" class=\"wp-block-spacer\"><\/div>\n\n\n\n<ul class=\"has-text-color\" style=\"color:#ffffff\"><li>6 aulas de tutor\u00eda<\/li><li>Sala de psicomotricidad<\/li><li>Aula de luz<\/li><li>Aula de Logopedia<\/li><li>Aula multisensorial en proceso de construcci\u00f3n<a href=\"http:\/\/cppuente.educacion.navarra.es\/web\/wp-content\/uploads\/2016\/11\/P1040767-1600x1200.jpg\"><\/a><\/li><\/ul>\n<\/div>\n\n\n\n<div class=\"wp-block-column\">\n<figure class=\"wp-block-image size-large\"><a href=\"https:\/\/cppuente.educacion.navarra.es\/web\/wp-content\/uploads\/2016\/11\/P1040767-1600x1200.jpg\"><img loading=\"lazy\" width=\"1024\" height=\"768\" src=\"https:\/\/cppuente.educacion.navarra.es\/web\/wp-content\/uploads\/2016\/11\/P1040767-1600x1200-1024x768.jpg\" alt=\"\" class=\"wp-image-2545\" srcset=\"https:\/\/cppuente.educacion.navarra.es\/web\/wp-content\/uploads\/2016\/11\/P1040767-1600x1200.jpg 1024w, https:\/\/cppuente.educacion.navarra.es\/web\/wp-content\/uploads\/2016\/11\/P1040767-1600x1200-300x225.jpg 300w, https:\/\/cppuente.educacion.navarra.es\/web\/wp-content\/uploads\/2016\/11\/P1040767-1600x1200-768x576.jpg 768w\" sizes=\"(max-width: 1024px) 100vw, 1024px\" \/><\/a><\/figure>\n\n\n\n<figure class=\"wp-block-image size-large\"><a href=\"https:\/\/cppuente.educacion.navarra.es\/web\/wp-content\/uploads\/2016\/11\/P1040763-1600x1200.jpg\"><img loading=\"lazy\" width=\"1024\" height=\"768\" src=\"https:\/\/cppuente.educacion.navarra.es\/web\/wp-content\/uploads\/2016\/11\/P1040763-1600x1200-1024x768.jpg\" alt=\"\" class=\"wp-image-2537\" srcset=\"https:\/\/cppuente.educacion.navarra.es\/web\/wp-content\/uploads\/2016\/11\/P1040763-1600x1200.jpg 1024w, https:\/\/cppuente.educacion.navarra.es\/web\/wp-content\/uploads\/2016\/11\/P1040763-1600x1200-300x225.jpg 300w, https:\/\/cppuente.educacion.navarra.es\/web\/wp-content\/uploads\/2016\/11\/P1040763-1600x1200-768x576.jpg 768w\" sizes=\"(max-width: 1024px) 100vw, 1024px\" \/><\/a><\/figure>\n<\/div>\n<\/div>\n<\/div><\/div>\n\n\n\n<div class=\"wp-block-cover aligncenter is-light\" style=\"min-height:100vh\"><span aria-hidden=\"true\" class=\"has-background-dim-20 wp-block-cover__gradient-background has-background-dim\" style=\"background-color:#000000\"><\/span><img loading=\"lazy\" width=\"1600\" height=\"799\" class=\"wp-block-cover__image-background wp-image-6512\" alt=\"\" src=\"https:\/\/cppuente.educacion.navarra.es\/web\/wp-content\/uploads\/2019\/11\/cropped-Garesko-patioa.jpg\" style=\"object-position:51% 51%\" data-object-fit=\"cover\" data-object-position=\"51% 51%\" srcset=\"https:\/\/cppuente.educacion.navarra.es\/web\/wp-content\/uploads\/2019\/11\/cropped-Garesko-patioa.jpg 1600w, https:\/\/cppuente.educacion.navarra.es\/web\/wp-content\/uploads\/2019\/11\/cropped-Garesko-patioa-300x150.jpg 300w, https:\/\/cppuente.educacion.navarra.es\/web\/wp-content\/uploads\/2019\/11\/cropped-Garesko-patioa-1024x511.jpg 1024w, https:\/\/cppuente.educacion.navarra.es\/web\/wp-content\/uploads\/2019\/11\/cropped-Garesko-patioa-768x384.jpg 768w, https:\/\/cppuente.educacion.navarra.es\/web\/wp-content\/uploads\/2019\/11\/cropped-Garesko-patioa-1536x767.jpg 1536w, https:\/\/cppuente.educacion.navarra.es\/web\/wp-content\/uploads\/2019\/11\/cropped-Garesko-patioa-800x400.jpg 800w\" sizes=\"(max-width: 1600px) 100vw, 1600px\" \/><div class=\"wp-block-cover__inner-container\">\n<h2 class=\"alignwide has-white-color has-text-color\" style=\"font-size:48px;line-height:1.2\"><strong><em>Edificio de Primaria<\/em><\/strong><\/h2>\n\n\n\n<div class=\"wp-block-columns alignwide\">\n<div class=\"wp-block-column\" style=\"flex-basis:60%\">\n<ul class=\"has-text-color\" style=\"color:#ffffff\"><li>Todas las aulas de tutor\u00eda  est\u00e1n dotadas&nbsp; con pantallad digital, proyector o pizarra digital.<\/li><li>Aula de Euskera (Modelo A)<\/li><li>Aula de Religi\u00f3n<\/li><li>Aula de M\u00fasica<\/li><li>Aula de inform\u00e1tica<\/li><li>Biblioteca<\/li><li>3 aulas de apoyo\/desdoble<\/li><li>Despacho de Orientaci\u00f3n<\/li><li>Sala del profesorado<\/li><\/ul>\n\n\n\n<div class=\"wp-container-1 wp-block-buttons\"><\/div>\n<\/div>\n\n\n\n<div class=\"wp-block-column\">\n<div class=\"wp-block-image\"><figure class=\"alignleft\"><a href=\"http:\/\/cppuente.educacion.navarra.es\/web\/wp-content\/uploads\/2016\/11\/P10407481-1600x1200.jpg\"><img loading=\"lazy\" width=\"300\" height=\"225\" src=\"http:\/\/cppuente.educacion.navarra.es\/web\/wp-content\/uploads\/2016\/11\/P10407481-1600x1200-300x225.jpg\" alt=\"\" class=\"wp-image-2503\" srcset=\"https:\/\/cppuente.educacion.navarra.es\/web\/wp-content\/uploads\/2016\/11\/P10407481-1600x1200-300x225.jpg 300w, https:\/\/cppuente.educacion.navarra.es\/web\/wp-content\/uploads\/2016\/11\/P10407481-1600x1200-768x576.jpg 768w, https:\/\/cppuente.educacion.navarra.es\/web\/wp-content\/uploads\/2016\/11\/P10407481-1600x1200.jpg 1024w\" sizes=\"(max-width: 300px) 100vw, 300px\" \/><\/a><\/figure><\/div>\n\n\n\n<figure class=\"wp-block-image size-full\"><a href=\"https:\/\/cppuente.educacion.navarra.es\/web\/wp-content\/uploads\/2019\/12\/FormatFactoryIMG-20191213-WA0000.jpg\"><img loading=\"lazy\" width=\"1024\" height=\"768\" src=\"https:\/\/cppuente.educacion.navarra.es\/web\/wp-content\/uploads\/2019\/12\/FormatFactoryIMG-20191213-WA0000.jpg\" alt=\"\" class=\"wp-image-6733\" srcset=\"https:\/\/cppuente.educacion.navarra.es\/web\/wp-content\/uploads\/2019\/12\/FormatFactoryIMG-20191213-WA0000.jpg 1024w, https:\/\/cppuente.educacion.navarra.es\/web\/wp-content\/uploads\/2019\/12\/FormatFactoryIMG-20191213-WA0000-300x225.jpg 300w, https:\/\/cppuente.educacion.navarra.es\/web\/wp-content\/uploads\/2019\/12\/FormatFactoryIMG-20191213-WA0000-768x576.jpg 768w\" sizes=\"(max-width: 1024px) 100vw, 1024px\" \/><\/a><\/figure>\n<\/div>\n<\/div>\n<\/div><\/div>\n\n\n\n<h3>Y ADEM\u00c1S&#8230;<\/h3>\n\n\n\n<ul><li>Polideportivo<\/li><li>Front\u00f3n cubierto<\/li><li>En el patio zona ajardinada, campo de f\u00fatbol y de futbito, cancha de baloncesto,\u00a0dos zonas con parques infantiles<\/li><li>Parking para el profesorado<\/li><\/ul>\n\n\n\n<figure class=\"wp-block-gallery has-nested-images columns-default is-cropped\">\n<figure class=\"wp-block-image size-large\"><a href=\"https:\/\/cppuente.educacion.navarra.es\/web\/wp-content\/uploads\/2016\/11\/P1040758-1600x1200.jpg\"><img loading=\"lazy\" width=\"1024\" height=\"768\" data-id=\"2527\"  src=\"https:\/\/cppuente.educacion.navarra.es\/web\/wp-content\/uploads\/2016\/11\/P1040758-1600x1200-1024x768.jpg\" alt=\"\" class=\"wp-image-2527\" srcset=\"https:\/\/cppuente.educacion.navarra.es\/web\/wp-content\/uploads\/2016\/11\/P1040758-1600x1200.jpg 1024w, https:\/\/cppuente.educacion.navarra.es\/web\/wp-content\/uploads\/2016\/11\/P1040758-1600x1200-300x225.jpg 300w, https:\/\/cppuente.educacion.navarra.es\/web\/wp-content\/uploads\/2016\/11\/P1040758-1600x1200-768x576.jpg 768w\" sizes=\"(max-width: 1024px) 100vw, 1024px\" \/><\/a><\/figure>\n\n\n\n<figure class=\"wp-block-image size-large\"><a href=\"https:\/\/cppuente.educacion.navarra.es\/web\/wp-content\/uploads\/2016\/11\/P1040757-1600x1200.jpg\"><img loading=\"lazy\" width=\"1024\" height=\"768\" data-id=\"2525\"  src=\"https:\/\/cppuente.educacion.navarra.es\/web\/wp-content\/uploads\/2016\/11\/P1040757-1600x1200-1024x768.jpg\" alt=\"\" class=\"wp-image-2525\" srcset=\"https:\/\/cppuente.educacion.navarra.es\/web\/wp-content\/uploads\/2016\/11\/P1040757-1600x1200.jpg 1024w, https:\/\/cppuente.educacion.navarra.es\/web\/wp-content\/uploads\/2016\/11\/P1040757-1600x1200-300x225.jpg 300w, https:\/\/cppuente.educacion.navarra.es\/web\/wp-content\/uploads\/2016\/11\/P1040757-1600x1200-768x576.jpg 768w\" sizes=\"(max-width: 1024px) 100vw, 1024px\" \/><\/a><\/figure>\n\n\n\n<figure class=\"wp-block-image size-large\"><a href=\"https:\/\/cppuente.educacion.navarra.es\/web\/wp-content\/uploads\/2016\/11\/P1040756-1600x1200.jpg\"><img loading=\"lazy\" width=\"1024\" height=\"768\" data-id=\"2523\"  src=\"https:\/\/cppuente.educacion.navarra.es\/web\/wp-content\/uploads\/2016\/11\/P1040756-1600x1200-1024x768.jpg\" alt=\"\" class=\"wp-image-2523\" srcset=\"https:\/\/cppuente.educacion.navarra.es\/web\/wp-content\/uploads\/2016\/11\/P1040756-1600x1200.jpg 1024w, https:\/\/cppuente.educacion.navarra.es\/web\/wp-content\/uploads\/2016\/11\/P1040756-1600x1200-300x225.jpg 300w, https:\/\/cppuente.educacion.navarra.es\/web\/wp-content\/uploads\/2016\/11\/P1040756-1600x1200-768x576.jpg 768w\" sizes=\"(max-width: 1024px) 100vw, 1024px\" \/><\/a><\/figure>\n\n\n\n<figure class=\"wp-block-image size-large\"><a href=\"https:\/\/cppuente.educacion.navarra.es\/web\/wp-content\/uploads\/2016\/11\/P1040755-1600x1200.jpg\"><img loading=\"lazy\" width=\"1024\" height=\"768\" data-id=\"2521\"  src=\"https:\/\/cppuente.educacion.navarra.es\/web\/wp-content\/uploads\/2016\/11\/P1040755-1600x1200-1024x768.jpg\" alt=\"\" class=\"wp-image-2521\" srcset=\"https:\/\/cppuente.educacion.navarra.es\/web\/wp-content\/uploads\/2016\/11\/P1040755-1600x1200.jpg 1024w, https:\/\/cppuente.educacion.navarra.es\/web\/wp-content\/uploads\/2016\/11\/P1040755-1600x1200-300x225.jpg 300w, https:\/\/cppuente.educacion.navarra.es\/web\/wp-content\/uploads\/2016\/11\/P1040755-1600x1200-768x576.jpg 768w\" sizes=\"(max-width: 1024px) 100vw, 1024px\" \/><\/a><\/figure>\n\n\n\n<figure class=\"wp-block-image size-large\"><a href=\"https:\/\/cppuente.educacion.navarra.es\/web\/wp-content\/uploads\/2016\/11\/P10407541-1600x1200.jpg\"><img loading=\"lazy\" width=\"1024\" height=\"768\" data-id=\"2519\"  src=\"https:\/\/cppuente.educacion.navarra.es\/web\/wp-content\/uploads\/2016\/11\/P10407541-1600x1200-1024x768.jpg\" alt=\"\" class=\"wp-image-2519\" srcset=\"https:\/\/cppuente.educacion.navarra.es\/web\/wp-content\/uploads\/2016\/11\/P10407541-1600x1200.jpg 1024w, https:\/\/cppuente.educacion.navarra.es\/web\/wp-content\/uploads\/2016\/11\/P10407541-1600x1200-300x225.jpg 300w, https:\/\/cppuente.educacion.navarra.es\/web\/wp-content\/uploads\/2016\/11\/P10407541-1600x1200-768x576.jpg 768w\" sizes=\"(max-width: 1024px) 100vw, 1024px\" \/><\/a><\/figure>\n\n\n\n<figure class=\"wp-block-image size-large\"><a href=\"https:\/\/cppuente.educacion.navarra.es\/web\/wp-content\/uploads\/2016\/11\/P1040752-1600x1200.jpg\"><img loading=\"lazy\" width=\"1024\" height=\"768\" data-id=\"2513\"  src=\"https:\/\/cppuente.educacion.navarra.es\/web\/wp-content\/uploads\/2016\/11\/P1040752-1600x1200-1024x768.jpg\" alt=\"\" class=\"wp-image-2513\" srcset=\"https:\/\/cppuente.educacion.navarra.es\/web\/wp-content\/uploads\/2016\/11\/P1040752-1600x1200.jpg 1024w, https:\/\/cppuente.educacion.navarra.es\/web\/wp-content\/uploads\/2016\/11\/P1040752-1600x1200-300x225.jpg 300w, https:\/\/cppuente.educacion.navarra.es\/web\/wp-content\/uploads\/2016\/11\/P1040752-1600x1200-768x576.jpg 768w\" sizes=\"(max-width: 1024px) 100vw, 1024px\" \/><\/a><\/figure>\n\n\n\n<figure class=\"wp-block-image size-large\"><a href=\"https:\/\/cppuente.educacion.navarra.es\/web\/wp-content\/uploads\/2019\/11\/FormatFactoryIMG_0440.jpg\"><img loading=\"lazy\" width=\"640\" height=\"480\" data-id=\"6559\"  src=\"https:\/\/cppuente.educacion.navarra.es\/web\/wp-content\/uploads\/2019\/11\/FormatFactoryIMG_0440.jpg\" alt=\"\" class=\"wp-image-6559\" srcset=\"https:\/\/cppuente.educacion.navarra.es\/web\/wp-content\/uploads\/2019\/11\/FormatFactoryIMG_0440.jpg 640w, https:\/\/cppuente.educacion.navarra.es\/web\/wp-content\/uploads\/2019\/11\/FormatFactoryIMG_0440-300x225.jpg 300w\" sizes=\"(max-width: 640px) 100vw, 640px\" \/><\/a><\/figure>\n<\/figure>\n","protected":false},"excerpt":{"rendered":"<p>Y ADEM\u00c1S&#8230; Polideportivo Front\u00f3n cubierto En el patio zona ajardinada, campo de f\u00fatbol y de futbito, cancha de baloncesto,\u00a0dos zonas con parques infantiles Parking para el profesorado<\/p>\n","protected":false},"author":88,"featured_media":2500,"parent":0,"menu_order":0,"comment_status":"closed","ping_status":"closed","template":"","meta":{"_genesis_hide_title":false,"_genesis_hide_breadcrumbs":false,"_genesis_hide_singular_image":false,"_genesis_hide_footer_widgets":false,"_genesis_custom_body_class":"","_genesis_custom_post_class":"","_genesis_layout":""},"featured_image_src":"https:\/\/cppuente.educacion.navarra.es\/web\/wp-content\/uploads\/2016\/11\/P1040748-1600x1200.jpg","featured_image_src_square":"https:\/\/cppuente.educacion.navarra.es\/web\/wp-content\/uploads\/2016\/11\/P1040748-1600x1200.jpg","_links":{"self":[{"href":"https:\/\/cppuente.educacion.navarra.es\/web\/wp-json\/wp\/v2\/pages\/2023"}],"collection":[{"href":"https:\/\/cppuente.educacion.navarra.es\/web\/wp-json\/wp\/v2\/pages"}],"about":[{"href":"https:\/\/cppuente.educacion.navarra.es\/web\/wp-json\/wp\/v2\/types\/page"}],"author":[{"embeddable":true,"href":"https:\/\/cppuente.educacion.navarra.es\/web\/wp-json\/wp\/v2\/users\/88"}],"replies":[{"embeddable":true,"href":"https:\/\/cppuente.educacion.navarra.es\/web\/wp-json\/wp\/v2\/comments?post=2023"}],"version-history":[{"count":8,"href":"https:\/\/cppuente.educacion.navarra.es\/web\/wp-json\/wp\/v2\/pages\/2023\/revisions"}],"predecessor-version":[{"id":12740,"href":"https:\/\/cppuente.educacion.navarra.es\/web\/wp-json\/wp\/v2\/pages\/2023\/revisions\/12740"}],"wp:featuredmedia":[{"embeddable":true,"href":"https:\/\/cppuente.educacion.navarra.es\/web\/wp-json\/wp\/v2\/media\/2500"}],"wp:attachment":[{"href":"https:\/\/cppuente.educacion.navarra.es\/web\/wp-json\/wp\/v2\/media?parent=2023"}],"curies":[{"name":"wp","href":"https:\/\/api.w.org\/{rel}","templated":true}]}}