{"id":53,"date":"2013-09-04T00:02:44","date_gmt":"2013-09-03T22:02:44","guid":{"rendered":"http:\/\/cppuente.educacion.navarra.es\/web\/?page_id=53"},"modified":"2019-11-26T16:38:40","modified_gmt":"2019-11-26T15:38:40","slug":"documentos-del-centro","status":"publish","type":"page","link":"https:\/\/cppuente.educacion.navarra.es\/web\/documentos-del-centro\/","title":{"rendered":"Documentos del centro"},"content":{"rendered":"\n<p>En esta secci\u00f3n de nuestra web podr\u00e9is consultar aquellos documentos del centro que son de dominio p\u00fablico. <\/p>\n\n\n\n<div class=\"wp-block-button aligncenter\"><a class=\"wp-block-button__link\" href=\"https:\/\/drive.google.com\/drive\/folders\/18QxIMoeuuF_9qmT3ha3zzl09_8_ujUEo?usp=sharing\" style=\"border-radius:25px\" target=\"_blank\" rel=\"noreferrer noopener\">Accede<\/a><\/div>\n","protected":false},"excerpt":{"rendered":"<p>En esta secci\u00f3n de nuestra web podr\u00e9is consultar aquellos documentos del centro que son de dominio p\u00fablico.<\/p>\n","protected":false},"author":1,"featured_media":6567,"parent":0,"menu_order":2,"comment_status":"closed","ping_status":"open","template":"","meta":{"_genesis_hide_title":false,"_genesis_hide_breadcrumbs":false,"_genesis_hide_singular_image":false,"_genesis_hide_footer_widgets":false,"_genesis_custom_body_class":"","_genesis_custom_post_class":"","_genesis_layout":""},"featured_image_src":"https:\/\/cppuente.educacion.navarra.es\/web\/wp-content\/uploads\/2019\/11\/FormatFactorybuscar.jpg","featured_image_src_square":"https:\/\/cppuente.educacion.navarra.es\/web\/wp-content\/uploads\/2019\/11\/FormatFactorybuscar.jpg","_links":{"self":[{"href":"https:\/\/cppuente.educacion.navarra.es\/web\/wp-json\/wp\/v2\/pages\/53"}],"collection":[{"href":"https:\/\/cppuente.educacion.navarra.es\/web\/wp-json\/wp\/v2\/pages"}],"about":[{"href":"https:\/\/cppuente.educacion.navarra.es\/web\/wp-json\/wp\/v2\/types\/page"}],"author":[{"embeddable":true,"href":"https:\/\/cppuente.educacion.navarra.es\/web\/wp-json\/wp\/v2\/users\/1"}],"replies":[{"embeddable":true,"href":"https:\/\/cppuente.educacion.navarra.es\/web\/wp-json\/wp\/v2\/comments?post=53"}],"version-history":[{"count":4,"href":"https:\/\/cppuente.educacion.navarra.es\/web\/wp-json\/wp\/v2\/pages\/53\/revisions"}],"predecessor-version":[{"id":6569,"href":"https:\/\/cppuente.educacion.navarra.es\/web\/wp-json\/wp\/v2\/pages\/53\/revisions\/6569"}],"wp:featuredmedia":[{"embeddable":true,"href":"https:\/\/cppuente.educacion.navarra.es\/web\/wp-json\/wp\/v2\/media\/6567"}],"wp:attachment":[{"href":"https:\/\/cppuente.educacion.navarra.es\/web\/wp-json\/wp\/v2\/media?parent=53"}],"curies":[{"name":"wp","href":"https:\/\/api.w.org\/{rel}","templated":true}]}}