{"id":59,"date":"2020-09-04T00:20:23","date_gmt":"2020-09-03T22:20:23","guid":{"rendered":"http:\/\/cppuente.educacion.navarra.es\/web\/?page_id=59"},"modified":"2022-06-01T12:02:14","modified_gmt":"2022-06-01T10:02:14","slug":"nuestra-escuela","status":"publish","type":"page","link":"https:\/\/cppuente.educacion.navarra.es\/web\/nuestra-escuela\/","title":{"rendered":"Nuestra escuela"},"content":{"rendered":"\n<div class=\"wp-block-image\"><figure class=\"aligncenter size-full\"><a href=\"https:\/\/cppuente.educacion.navarra.es\/web\/wp-content\/uploads\/2022\/06\/LOGO-SIN-FONDO.png\"><img loading=\"lazy\" width=\"374\" height=\"363\" src=\"https:\/\/cppuente.educacion.navarra.es\/web\/wp-content\/uploads\/2022\/06\/LOGO-SIN-FONDO.png\" alt=\"\" class=\"wp-image-9232\" srcset=\"https:\/\/cppuente.educacion.navarra.es\/web\/wp-content\/uploads\/2022\/06\/LOGO-SIN-FONDO.png 374w, https:\/\/cppuente.educacion.navarra.es\/web\/wp-content\/uploads\/2022\/06\/LOGO-SIN-FONDO-300x291.png 300w\" sizes=\"(max-width: 374px) 100vw, 374px\" \/><\/a><\/figure><\/div>\n\n\n\n<p>Puente la Reina-Gareses una villa y un municipio de la Comunidad Foral de Navarra, situado en la merindad de Pamplona, en  el valle de Valdizarbe y a 24 km de la capital de la comunidad, Pamplona.<\/p>\n\n\n\n<p> El <strong>Colegio P\u00fablico Comarcal de PUENTE LA REINA-GARES<\/strong>  fu\u00e9 inaugurado en 1.997. En el centro se imparten las etapas educativas de Educaci\u00f3n Infantil y Educaci\u00f3n Primaria,&nbsp; <strong>en tres modalidades ling\u00fc\u00edsticas con programa PAI<\/strong>:<\/p>\n\n\n\n<ul><li><strong>Modelo G<\/strong>. Ense\u00f1anza en castellano<\/li><li><strong>Modelo A<\/strong>. Ense\u00f1anza en castellano y euskera como asignatura.<\/li><li><strong>Modelo D<\/strong>.&nbsp; Ense\u00f1anza en euskera en inmersi\u00f3n ling\u00fcistica y castellano como asignatura.<\/li><\/ul>\n\n\n\n<div style=\"text-align:center\" class=\"wp-block-genesis-blocks-gb-cta gb-block-cta alignfull\"><div class=\"gb-cta-image-wrap\"><img class=\"gb-cta-image has-background-dim\" src=\"https:\/\/cppuente.educacion.navarra.es\/web\/wp-content\/uploads\/2019\/12\/FormatFactoryaaron-burden-6jYoil2GhVk-unsplash.jpg\" alt=\"\"\/><\/div><div class=\"gb-cta-content\"><h2 class=\"gb-cta-title gb-font-size-32\" style=\"color:#32373c\">Ver oferta educativa<\/h2><div class=\"gb-cta-text gb-font-size-32\" style=\"color:#32373c\"><\/div><\/div><div class=\"gb-cta-button\"><a href=\"https:\/\/cppuente.educacion.navarra.es\/web\/nuestro-centro\/oferta-educativa\/\" target=\"_self\" rel=\"noopener noreferrer\" class=\"gb-button gb-button-shape-rounded gb-button-size-medium\" style=\"color:#ffffff;background-color:#3373dc\">Clica aqu\u00ed<\/a><\/div><\/div>\n\n\n\n<p> Debido al car\u00e1cter comarcal del centro contamos con los servicios de <a href=\"https:\/\/cppuente.educacion.navarra.es\/web\/servicios-complementarios\/transporte\/\">transporte<\/a>, <a href=\"https:\/\/cppuente.educacion.navarra.es\/web\/servicios-complementarios\/aula-matinal\/\">aula matinal<\/a> y <a href=\"https:\/\/cppuente.educacion.navarra.es\/web\/servicios-complementarios\/comedor\/\">comedor escolar<\/a>.<\/p>\n\n\n\n<p>&nbsp;As\u00ed mismo, el centro cuenta con un empleado municipal, de servicios m\u00faltiples, adscrito a la plaza de conserje.<\/p>\n\n\n\n<p>En nuestro centro existe una <a rel=\"noreferrer noopener\" aria-label=\"Asociaci\u00f3n de Padres y Madres (APYMA) (se abre en una nueva pesta\u00f1a)\" href=\"https:\/\/cppuente.educacion.navarra.es\/web\/apyma\/\" target=\"_blank\">Asociaci\u00f3n de Padres y Madres (APYMA)<\/a> denominada \u201cZabalzagain\u201d, de la que son socios un importante n\u00famero de padres y madres. Durante el curso escolar la APYMA colabora en diversas actividades y organiza charlas formativas e informativas para todos los padres y madres de la comunidad escolar.<\/p>\n\n\n\n<h2>Espacios e instalaciones<\/h2>\n\n\n\n<div style=\"text-align:center\" class=\"wp-block-genesis-blocks-gb-cta gb-block-cta alignfull\"><div class=\"gb-cta-image-wrap\"><img class=\"gb-cta-image has-background-dim\" src=\"https:\/\/cppuente.educacion.navarra.es\/web\/wp-content\/uploads\/2019\/11\/Garesko-patioa.jpg\" alt=\"\"\/><\/div><div class=\"gb-cta-content\"><h2 class=\"gb-cta-title gb-font-size-32\" style=\"color:#32373c\">Ver espacios e instalaciones<\/h2><div class=\"gb-cta-text gb-font-size-32\" style=\"color:#32373c\"><\/div><\/div><div class=\"gb-cta-button\"><a href=\"https:\/\/cppuente.educacion.navarra.es\/web\/instalaciones\/\" target=\"_self\" rel=\"noopener noreferrer\" class=\"gb-button gb-button-shape-rounded gb-button-size-medium\" style=\"color:#ffffff;background-color:#3373dc\">Clica aqu\u00ed<\/a><\/div><\/div>\n\n\n\n<h2>Nuestro entorno<\/h2>\n\n\n\n<p>El car\u00e1cter comarcal del centro se debe a la procedencia de parte del alumnado de las localidades de los valles de:<\/p>\n\n\n\n<ul><li>Valdizarbe: A\u00f1orbe, Tirapu, \u00dacar, Eneriz, Adi\u00f3s, Uterga, Muruzabal, Obanos,  Legarda y Puente la Reina-Gares.<\/li><li>Val Ma\u00f1eru: Cirauqui, Ma\u00f1eru, Artazu, Guirguillano y Echarren de Guirguillano.<\/li><\/ul>\n\n\n\n<p>Dentro de&nbsp; su importante legado monumental, fruto de su pasado hist\u00f3rico, a&nbsp; resaltar elpuente rom\u00e1nico sobre el r\u00edo Arga, que da nombre a la villa, por el que discurre el Camino de Santiago. Fue construido con tal prop\u00f3sito en el siglo XI probablemente por orden de do\u00f1a Mayor, esposa del rey Sancho el Mayor, o do\u00f1a Estefan\u00eda, esposa del rey Garc\u00eda de N\u00e1jera; y la iglesia de Santa Mar\u00eda de Eunate, una de las m\u00e1s bellas de toda la Ruta Jacobea, y centro neur\u00e1lgico del valle.<\/p>\n\n\n\n<figure class=\"wp-block-image size-large\"><img loading=\"lazy\" width=\"1024\" height=\"512\" src=\"https:\/\/cppuente.educacion.navarra.es\/web\/wp-content\/uploads\/2019\/10\/portada1-1024x512.jpg\" alt=\"\" class=\"wp-image-6358\" srcset=\"https:\/\/cppuente.educacion.navarra.es\/web\/wp-content\/uploads\/2019\/10\/portada1-1024x512.jpg 1024w, https:\/\/cppuente.educacion.navarra.es\/web\/wp-content\/uploads\/2019\/10\/portada1-300x150.jpg 300w, https:\/\/cppuente.educacion.navarra.es\/web\/wp-content\/uploads\/2019\/10\/portada1-768x384.jpg 768w, https:\/\/cppuente.educacion.navarra.es\/web\/wp-content\/uploads\/2019\/10\/portada1.jpg 1600w\" sizes=\"(max-width: 1024px) 100vw, 1024px\" \/><\/figure>\n\n\n\n<p>La belleza natural de su paisaje la conforman sus campos de cereal entremezclados con vid y olivo.<\/p>\n\n\n\n<h2>Recursos educativos, culturales, recreativos, deportivos, sanitarios y sociales<br><\/h2>\n\n\n\n<p><strong>Recursos educativos:<\/strong> Puente la Reina, adem\u00e1s del nuestro centro comarcal biling\u00fce, cuenta con una <a rel=\"noreferrer noopener\" aria-label=\"Guarder\u00eda Infantil (se abre en una nueva pesta\u00f1a)\" href=\"http:\/\/ikus-mira.blogspot.com\/\" target=\"_blank\">guarder\u00eda infantil<\/a> (0 &#8211; 3 a\u00f1os) gestionada por los padres\/madres, as\u00ed como la <a rel=\"noreferrer noopener\" aria-label=\"Escuela Municipal de M\u00fasica (se abre en una nueva pesta\u00f1a)\" href=\"http:\/\/www.puentelareina-gares.es\/escuela-de-musica\/\" target=\"_blank\">Escuela Municipal de M\u00fasica<\/a> con sede en nuestro propio centro.<\/p>\n\n\n\n<p><strong>Recursos Culturales:<\/strong>&nbsp; En nuestra localidad y en diversos municipios de la zona funcionan <a rel=\"noreferrer noopener\" aria-label=\"bibliotecas p\u00fablicas (se abre en una nueva pesta\u00f1a)\" href=\"http:\/\/www.puentelareina-gares.es\/biblioteca\/\" target=\"_blank\">bibliotecas p\u00fablicas<\/a>, <a href=\"http:\/\/www.puentelareina-gares.es\/escuela-de-musica\/\" target=\"_blank\" rel=\"noreferrer noopener\" aria-label=\"bandas de m\u00fasica (se abre en una nueva pesta\u00f1a)\">bandas de m\u00fasica<\/a>, corales, grupos de danza, asociaciones de jubilados\/as, etc. Se cuenta tambi\u00e9n con diferentes espacios y <a href=\"https:\/\/www.navarra.es\/home_es\/Temas\/Turismo+ocio+y+cultura\/Museos\/Otros+centros+expositivos\/Centros+monograficos\/Centro+expositivo+Ultrapontem.htm\" target=\"_blank\" rel=\"noreferrer noopener\" aria-label=\"centros culturales (se abre en una nueva pesta\u00f1a)\">centros culturales<\/a> en los que se desarrollan talleres, exposiciones, etc.<\/p>\n\n\n\n<p><strong>Recursos Recreativos y Deportivos:<\/strong>&nbsp; Todas las localidades de la zona disponen de alg\u00fan tipo de instalaci\u00f3n deportiva: piscinas, frontones cubiertos, campos de f\u00fatbol, pistas de tenis, parque infantiles. En ellas se realizan&nbsp; <a href=\"http:\/\/www.serviciossocialesbasevaldizarbe.com\/actividades\/\" target=\"_blank\" rel=\"noreferrer noopener\" aria-label=\"diferentes actividades (se abre en una nueva pesta\u00f1a)\">diferentes actividades<\/a> deportivas (ciclismo, f\u00fatbol, pelota,&#8230;) en algunos casos coordinadas por diversos clubes, asociaciones o colectivos.<\/p>\n\n\n\n<p><strong>Recursos Sanitarios:<\/strong> El <a rel=\"noreferrer noopener\" aria-label=\"Centro de Salud Comarcal (se abre en una nueva pesta\u00f1a)\" href=\"http:\/\/www.puentelareina-gares.es\/centro-de-salud\/\" target=\"_blank\">centro de salud comarcal<\/a> y la base de la D.Y.A.&nbsp; est\u00e1n ubicados en Puente la Reina. El resto de localidades cuentan con su correspondientes centros locales de salud.<\/p>\n\n\n\n<p><strong>Recursos Sociales:<\/strong> Desde hace varios a\u00f1os funciona en la zona la <a rel=\"noreferrer noopener\" aria-label=\"Mancomunidad de Servicios Sociales de Base (se abre en una nueva pesta\u00f1a)\" href=\"http:\/\/www.serviciossocialesbasevaldizarbe.com\/\" target=\"_blank\">Mancomunidad de Servicios Sociales de Base<\/a>, que cuenta con 4 programas:<\/p>\n\n\n\n<ul><li>El Programa de Acogida y Orientaci\u00f3n Social que,  dirigido a toda la poblaci\u00f3n,ofrecer\u00e1 intervenci\u00f3n social o derivaci\u00f3n a  recursos a las personas quepresenten necesidades ante los servicios  sociales. <\/li><\/ul>\n\n\n\n<ul><li>El Programa de Promoci\u00f3n de la Autonom\u00eda Personal  y Atenci\u00f3n a las Personas en situaci\u00f3n de Dependencia.<\/li><\/ul>\n\n\n\n<ul><li>El Programa de Incorporaci\u00f3n Social en Atenci\u00f3n  Primaria.<\/li><\/ul>\n\n\n\n<ul><li>El Programa de Atenci\u00f3n a la Infancia y Familia  en Atenci\u00f3n Primaria.<\/li><\/ul>\n\n\n\n<p>Otros programas de este agente social son:<\/p>\n\n\n\n<ul><li>Programa de Deportes.<\/li><li>Programa de Empleo Social Protegido.<\/li><li>Programa de Prevenci\u00f3n de la Salud y de promoci\u00f3n comunitaria.<\/li><li>Programa de Ayudas de Emergencia.<\/li><li>Programa de Banco de alimentos y de ropa.<\/li><\/ul>\n\n\n\n<p>Desde el <strong>curso 2019-20<\/strong> contamos con una <strong>promotora educativa<\/strong> para la zona de Valdizarbe, que se encarga de hacer una mediaci\u00f3n entre diferentes \u00e1reas e instituciones. <\/p>\n","protected":false},"excerpt":{"rendered":"<p>Puente la Reina-Gareses una villa y un municipio de la Comunidad Foral de Navarra, situado en la merindad de Pamplona, en el valle de Valdizarbe y a 24 km de la capital de la comunidad, Pamplona. El Colegio P\u00fablico Comarcal de PUENTE LA REINA-GARES fu\u00e9 inaugurado en 1.997. En el centro se imparten las etapas [&hellip;]<\/p>\n","protected":false},"author":1,"featured_media":7600,"parent":0,"menu_order":0,"comment_status":"closed","ping_status":"closed","template":"","meta":{"_genesis_hide_title":false,"_genesis_hide_breadcrumbs":false,"_genesis_hide_singular_image":false,"_genesis_hide_footer_widgets":false,"_genesis_custom_body_class":"","_genesis_custom_post_class":"","_genesis_layout":""},"featured_image_src":"https:\/\/cppuente.educacion.navarra.es\/web\/wp-content\/uploads\/2020\/10\/4B.jpg","featured_image_src_square":"https:\/\/cppuente.educacion.navarra.es\/web\/wp-content\/uploads\/2020\/10\/4B.jpg","_links":{"self":[{"href":"https:\/\/cppuente.educacion.navarra.es\/web\/wp-json\/wp\/v2\/pages\/59"}],"collection":[{"href":"https:\/\/cppuente.educacion.navarra.es\/web\/wp-json\/wp\/v2\/pages"}],"about":[{"href":"https:\/\/cppuente.educacion.navarra.es\/web\/wp-json\/wp\/v2\/types\/page"}],"author":[{"embeddable":true,"href":"https:\/\/cppuente.educacion.navarra.es\/web\/wp-json\/wp\/v2\/users\/1"}],"replies":[{"embeddable":true,"href":"https:\/\/cppuente.educacion.navarra.es\/web\/wp-json\/wp\/v2\/comments?post=59"}],"version-history":[{"count":23,"href":"https:\/\/cppuente.educacion.navarra.es\/web\/wp-json\/wp\/v2\/pages\/59\/revisions"}],"predecessor-version":[{"id":9238,"href":"https:\/\/cppuente.educacion.navarra.es\/web\/wp-json\/wp\/v2\/pages\/59\/revisions\/9238"}],"wp:featuredmedia":[{"embeddable":true,"href":"https:\/\/cppuente.educacion.navarra.es\/web\/wp-json\/wp\/v2\/media\/7600"}],"wp:attachment":[{"href":"https:\/\/cppuente.educacion.navarra.es\/web\/wp-json\/wp\/v2\/media?parent=59"}],"curies":[{"name":"wp","href":"https:\/\/api.w.org\/{rel}","templated":true}]}}