{"id":6673,"date":"2019-12-09T11:57:51","date_gmt":"2019-12-09T10:57:51","guid":{"rendered":"https:\/\/cppuente.educacion.navarra.es\/web\/?page_id=6673"},"modified":"2019-12-10T15:58:47","modified_gmt":"2019-12-10T14:58:47","slug":"proyecto-linguistico-del-centro","status":"publish","type":"page","link":"https:\/\/cppuente.educacion.navarra.es\/web\/proyecto-linguistico-del-centro\/","title":{"rendered":"Proyecto Ling\u00fc\u00edstico del Centro"},"content":{"rendered":"\n<p> El Proyecto Ling\u00fc\u00edstico de Centro, surge como uno m\u00e1s de los documentos b\u00e1sicos de nuestro centro  educativo. El Proyecto Ling\u00fc\u00edstico de Centro contempla la  coordinaci\u00f3n y el tratamiento integrado de las lenguas y el fomento del  multiling\u00fcismo y de la diversidad ling\u00fc\u00edstica afin de mejorar la calidad del  sistema educativo en materia de competencia en comunicaci\u00f3n  ling\u00fc\u00edstica. <\/p>\n\n\n\n<p>En el curso 2019-20 comienza la andadura de la comisi\u00f3n para la elaboraci\u00f3n del Proyecto Ling\u00fc\u00edstico de Centro de nuestro colegio. <\/p>\n\n\n\n<hr class=\"wp-block-separator\"\/>\n","protected":false},"excerpt":{"rendered":"<p>El Proyecto Ling\u00fc\u00edstico de Centro, surge como uno m\u00e1s de los documentos b\u00e1sicos de nuestro centro educativo. El Proyecto Ling\u00fc\u00edstico de Centro contempla la coordinaci\u00f3n y el tratamiento integrado de las lenguas y el fomento del multiling\u00fcismo y de la diversidad ling\u00fc\u00edstica afin de mejorar la calidad del sistema educativo en materia de competencia en [&hellip;]<\/p>\n","protected":false},"author":893,"featured_media":6674,"parent":0,"menu_order":0,"comment_status":"closed","ping_status":"closed","template":"","meta":{"_genesis_hide_title":false,"_genesis_hide_breadcrumbs":false,"_genesis_hide_singular_image":false,"_genesis_hide_footer_widgets":false,"_genesis_custom_body_class":"","_genesis_custom_post_class":"","_genesis_layout":""},"featured_image_src":"https:\/\/cppuente.educacion.navarra.es\/web\/wp-content\/uploads\/2019\/12\/FormatFactorychris-lawton-vBA-JNHAraI-unsplash.jpg","featured_image_src_square":"https:\/\/cppuente.educacion.navarra.es\/web\/wp-content\/uploads\/2019\/12\/FormatFactorychris-lawton-vBA-JNHAraI-unsplash.jpg","_links":{"self":[{"href":"https:\/\/cppuente.educacion.navarra.es\/web\/wp-json\/wp\/v2\/pages\/6673"}],"collection":[{"href":"https:\/\/cppuente.educacion.navarra.es\/web\/wp-json\/wp\/v2\/pages"}],"about":[{"href":"https:\/\/cppuente.educacion.navarra.es\/web\/wp-json\/wp\/v2\/types\/page"}],"author":[{"embeddable":true,"href":"https:\/\/cppuente.educacion.navarra.es\/web\/wp-json\/wp\/v2\/users\/893"}],"replies":[{"embeddable":true,"href":"https:\/\/cppuente.educacion.navarra.es\/web\/wp-json\/wp\/v2\/comments?post=6673"}],"version-history":[{"count":3,"href":"https:\/\/cppuente.educacion.navarra.es\/web\/wp-json\/wp\/v2\/pages\/6673\/revisions"}],"predecessor-version":[{"id":6700,"href":"https:\/\/cppuente.educacion.navarra.es\/web\/wp-json\/wp\/v2\/pages\/6673\/revisions\/6700"}],"wp:featuredmedia":[{"embeddable":true,"href":"https:\/\/cppuente.educacion.navarra.es\/web\/wp-json\/wp\/v2\/media\/6674"}],"wp:attachment":[{"href":"https:\/\/cppuente.educacion.navarra.es\/web\/wp-json\/wp\/v2\/media?parent=6673"}],"curies":[{"name":"wp","href":"https:\/\/api.w.org\/{rel}","templated":true}]}}