{"id":7105,"date":"2020-02-18T16:14:56","date_gmt":"2020-02-18T15:14:56","guid":{"rendered":"https:\/\/cppuente.educacion.navarra.es\/web\/?page_id=7105"},"modified":"2020-11-02T09:18:05","modified_gmt":"2020-11-02T08:18:05","slug":"skolae","status":"publish","type":"page","link":"https:\/\/cppuente.educacion.navarra.es\/web\/skolae\/","title":{"rendered":"Skolae"},"content":{"rendered":"\n<p>SKOLAE es  el programa que concreta el Plan de coeducaci\u00f3n 2017-2021 para los centros y las comunidades educativas de Navarra. Un programa educativo que inspira el trabajo de los centros y comunidades educativas de  Navarra para facilitar a todo el alumnado la posibilidad de APRENDER A  VIVIR EN IGUALDAD.<\/p>\n\n\n\n<p>Un proceso que se debe asentar en el  conocimiento, la libertad y la capacidad de decidir sobre el futuro sin  condicionantes de g\u00e9nero, aprendiendo a identificar las desigualdades, a  luchar contra ellas y a ejercer el derecho a la igualdad en el \u00e1mbito  de cada cultura, religi\u00f3n, clase social, situaci\u00f3n funcional, identidad u  orientaci\u00f3n sexual, etc.<\/p>\n\n\n\n<div class=\"wp-block-button aligncenter\"><a class=\"wp-block-button__link\" href=\"https:\/\/www.educacion.navarra.es\/documents\/27590\/1325202\/SKOLAE_Triptico_CAS.pdf\/57da9a3a-f136-576f-f3f1-c8480fa620f9\" target=\"_blank\" rel=\"noreferrer noopener\">Ver Informaci\u00f3n general<\/a><\/div>\n\n\n\n<figure class=\"wp-block-image size-large\"><img loading=\"lazy\" width=\"883\" height=\"283\" src=\"https:\/\/cppuente.educacion.navarra.es\/web\/wp-content\/uploads\/2020\/02\/Skol.jpg\" alt=\"\" class=\"wp-image-7106\" srcset=\"https:\/\/cppuente.educacion.navarra.es\/web\/wp-content\/uploads\/2020\/02\/Skol.jpg 883w, https:\/\/cppuente.educacion.navarra.es\/web\/wp-content\/uploads\/2020\/02\/Skol-300x96.jpg 300w, https:\/\/cppuente.educacion.navarra.es\/web\/wp-content\/uploads\/2020\/02\/Skol-768x246.jpg 768w\" sizes=\"(max-width: 883px) 100vw, 883px\" \/><\/figure>\n\n\n\n<h2 class=\"has-theme-primary-color has-text-color\">Aprendizajes SKOLAE  <\/h2>\n\n\n\n<h3>Saber mirar, saber entender<\/h3>\n\n\n\n<p>El aprendizaje de la <strong>cr\u00edtica y responsabilidad frente a la desigualdad<\/strong>:\n nos convierte en personas responsables, individual y colectivamente, \nactivas y cr\u00edticas en el camino hacia la igualdad. Conociendo modelos y \npropuestas igualitarias.<\/p>\n\n\n\n<h3>Saber ser, saber vivir<\/h3>\n\n\n\n<p>El aprendizaje de la <strong>autonom\u00eda e independencia personal<\/strong>:\n nos dirige hacia un proyecto vital pleno, superando estereotipos de \ng\u00e9nero y otros condicionantes que nos limitan. Sabiendo cuidar y \ncuidarnos en entornos libres e independientes.<\/p>\n\n\n\n<h3>Saber construir, saber aportar<\/h3>\n\n\n\n<p>El aprendizaje del <strong>liderazgo, empoderamiento y participaci\u00f3n social<\/strong>:\n nos fortalece individual y grupalmente y nos capacita para participar \nen la vida social desde la igualdad y el respeto. Conociendo y \nreconociendo nuestro poder y el de nuestro grupo para crear igualdad.<\/p>\n\n\n\n<h3>Saber sentir, saber bientratar<\/h3>\n\n\n\n<p>El aprendizaje de la <strong>sexualidad y buen trato<\/strong>:\n nos acompa\u00f1a en el autoconocimiento hacia la construcci\u00f3n de relaciones\n y amores desde la aceptaci\u00f3n y el respeto por la diversidad, lejos de \nviolencias machistas.<\/p>\n\n\n\n<h2 class=\"has-theme-primary-color has-text-color\">Objetivo<\/h2>\n\n\n\n<p>SKOLAE nace con el objeto de  acompa\u00f1ar y sistematizar este proceso educativo; el programa desarrolla  el itinerario de aprendizaje establecido en el plan de coeducaci\u00f3n  2017-2021 para los centros y comunidades educativas de Navarra elaborado  por el Departamento de Educaci\u00f3n del Gobierno de la Comunidad Foral de  Navarra,  desde la etapa 0-3 a\u00f1os hasta los 18 a\u00f1os. <\/p>\n\n\n\n<p>Se estructura en torno a cuatro grandes ejes de aprendizaje (antes citados)  y  cuatro competencias y despliega contenidos y experiencias para los \u00e1mbitos personal, social y contextual. Adem\u00e1s, SKOLAE se articula en torno a diversos conceptos que recorren de forma transversal todo el itinerario; la prevenci\u00f3n de las violencias contra las mujeres y las ni\u00f1as, la visibilidad de las mujeres y sus aportaciones, el respeto por las identidades, las culturas, las sexualidades y su diversidad , la participaci\u00f3n social y el compromiso compartido de hacer realidad la igualdad.<\/p>\n\n\n\n<h2 class=\"has-theme-primary-color has-text-color\">Noticias SKOLAE<\/h2>\n\n\n<section class=\"gb-block-post-grid featuredpost alignwide\"><div class=\"gb-post-grid-items is-grid columns-1\"><article id=\"post-9137\" class=\"gb-post-grid-item post-9137 post type-post status-publish format-standard has-post-thumbnail category-noticias category-skolae tag-dia-internacional-de-la-mujer-trabajadora tag-exposicion entry\"><div class=\"gb-block-post-grid-image\"><a href=\"https:\/\/cppuente.educacion.navarra.es\/web\/blog\/2022\/03\/18\/lucho-por-lo-que-me-propongo\/\" rel=\"bookmark\" aria-hidden=\"true\" tabindex=\"-1\"><img width=\"2560\" height=\"1439\" src=\"https:\/\/cppuente.educacion.navarra.es\/web\/wp-content\/uploads\/2022\/03\/16475243155031-scaled.jpg\" class=\"attachment-full size-full\" alt=\"\" loading=\"lazy\" srcset=\"https:\/\/cppuente.educacion.navarra.es\/web\/wp-content\/uploads\/2022\/03\/16475243155031-scaled.jpg 2560w, https:\/\/cppuente.educacion.navarra.es\/web\/wp-content\/uploads\/2022\/03\/16475243155031-300x169.jpg 300w, https:\/\/cppuente.educacion.navarra.es\/web\/wp-content\/uploads\/2022\/03\/16475243155031-1024x575.jpg 1024w, https:\/\/cppuente.educacion.navarra.es\/web\/wp-content\/uploads\/2022\/03\/16475243155031-768x432.jpg 768w, https:\/\/cppuente.educacion.navarra.es\/web\/wp-content\/uploads\/2022\/03\/16475243155031-1536x863.jpg 1536w, https:\/\/cppuente.educacion.navarra.es\/web\/wp-content\/uploads\/2022\/03\/16475243155031-2048x1151.jpg 2048w\" sizes=\"(max-width: 2560px) 100vw, 2560px\" \/><\/a><\/div><div class=\"gb-block-post-grid-text\"><header class=\"gb-block-post-grid-header\"><h3 class=\"gb-block-post-grid-title\"><a href=\"https:\/\/cppuente.educacion.navarra.es\/web\/blog\/2022\/03\/18\/lucho-por-lo-que-me-propongo\/\" rel=\"bookmark\">Lucho por lo que me propongo<\/a><\/h3><div class=\"gb-block-post-grid-byline\"><div class=\"gb-block-post-grid-author\" itemprop=\"author\" itemtype=\"https:\/\/schema.org\/Person\"><a class=\"gb-text-link\" href=\"https:\/\/cppuente.educacion.navarra.es\/web\/blog\/author\/luque\/\" itemprop=\"url\" rel=\"author\"><span itemprop=\"name\">luque<\/span><\/a><\/div><time datetime=\"2022-03-18T12:27:35+01:00\" class=\"gb-block-post-grid-date\" itemprop=\"datePublished\">18\/03\/2022<\/time><\/div><\/header><div class=\"gb-block-post-grid-excerpt\"><p>Con motivo del d\u00eda internacional de la mujer trabajadora en el centro trabajamos diferentes realidades de mujeres bajo el lema \u00abLucho por lo que me propongo. Y t\u00fa \u00bfQu\u00e9 te propones?\u00bb. Adjuntamos una presentaci\u00f3n con las mujeres referentes que se trabajaron. Adem\u00e1s en la casa del v\u00ednculo podr\u00e9is encontrar una peque\u00f1a exposici\u00f3n.<\/p>\n<p><a class=\"gb-block-post-grid-more-link gb-text-link\" href=\"https:\/\/cppuente.educacion.navarra.es\/web\/blog\/2022\/03\/18\/lucho-por-lo-que-me-propongo\/\" rel=\"bookmark\">Continue Reading <span class=\"screen-reader-text\">Lucho por lo que me propongo<\/span><\/a><\/p><\/div><\/div><\/article>\n<article id=\"post-9039\" class=\"gb-post-grid-item post-9039 post type-post status-publish format-standard has-post-thumbnail category-actividades-del-centro category-escuela-inclusiva category-noticias category-skolae tag-dia-de-la-mujer-cientifica tag-eventos tag-skolae entry\"><div class=\"gb-block-post-grid-image\"><a href=\"https:\/\/cppuente.educacion.navarra.es\/web\/blog\/2022\/02\/10\/mujeres-cientificas\/\" rel=\"bookmark\" aria-hidden=\"true\" tabindex=\"-1\"><img width=\"2560\" height=\"1920\" src=\"https:\/\/cppuente.educacion.navarra.es\/web\/wp-content\/uploads\/2022\/02\/IMG_20220210_121748-scaled.jpg\" class=\"attachment-full size-full\" alt=\"\" loading=\"lazy\" srcset=\"https:\/\/cppuente.educacion.navarra.es\/web\/wp-content\/uploads\/2022\/02\/IMG_20220210_121748-scaled.jpg 2560w, https:\/\/cppuente.educacion.navarra.es\/web\/wp-content\/uploads\/2022\/02\/IMG_20220210_121748-300x225.jpg 300w, https:\/\/cppuente.educacion.navarra.es\/web\/wp-content\/uploads\/2022\/02\/IMG_20220210_121748-1024x768.jpg 1024w, https:\/\/cppuente.educacion.navarra.es\/web\/wp-content\/uploads\/2022\/02\/IMG_20220210_121748-768x576.jpg 768w, https:\/\/cppuente.educacion.navarra.es\/web\/wp-content\/uploads\/2022\/02\/IMG_20220210_121748-1536x1152.jpg 1536w, https:\/\/cppuente.educacion.navarra.es\/web\/wp-content\/uploads\/2022\/02\/IMG_20220210_121748-2048x1536.jpg 2048w\" sizes=\"(max-width: 2560px) 100vw, 2560px\" \/><\/a><\/div><div class=\"gb-block-post-grid-text\"><header class=\"gb-block-post-grid-header\"><h3 class=\"gb-block-post-grid-title\"><a href=\"https:\/\/cppuente.educacion.navarra.es\/web\/blog\/2022\/02\/10\/mujeres-cientificas\/\" rel=\"bookmark\">Mujeres cient\u00edficas<\/a><\/h3><div class=\"gb-block-post-grid-byline\"><div class=\"gb-block-post-grid-author\" itemprop=\"author\" itemtype=\"https:\/\/schema.org\/Person\"><a class=\"gb-text-link\" href=\"https:\/\/cppuente.educacion.navarra.es\/web\/blog\/author\/luque\/\" itemprop=\"url\" rel=\"author\"><span itemprop=\"name\">luque<\/span><\/a><\/div><time datetime=\"2022-02-10T13:05:09+01:00\" class=\"gb-block-post-grid-date\" itemprop=\"datePublished\">10\/02\/2022<\/time><\/div><\/header><div class=\"gb-block-post-grid-excerpt\"><p>El 11 de febrero se celebra el d\u00eda de la mujer cient\u00edfica. Para revindicar su visibilizaci\u00f3n y conocer sus aportaciones a la ciencia, as\u00ed como, los diferentes inventos o sus trayectorias profesionales; cada clase ha trabajado sobre una mujer cient\u00edfica y todo este trabajo lo hemos plasmado en una bonita exposici\u00f3n. Aqu\u00ed ten\u00e9is algunas fotos&hellip;<\/p>\n<p><a class=\"gb-block-post-grid-more-link gb-text-link\" href=\"https:\/\/cppuente.educacion.navarra.es\/web\/blog\/2022\/02\/10\/mujeres-cientificas\/\" rel=\"bookmark\">Continue Reading <span class=\"screen-reader-text\">Mujeres cient\u00edficas<\/span><\/a><\/p><\/div><\/div><\/article>\n<article id=\"post-8934\" class=\"gb-post-grid-item post-8934 post type-post status-publish format-standard has-post-thumbnail category-actividades-del-centro category-noticias category-skolae tag-coeducacion tag-comunidad-educativa entry\"><div class=\"gb-block-post-grid-image\"><a href=\"https:\/\/cppuente.educacion.navarra.es\/web\/blog\/2022\/01\/17\/ni-una-menos\/\" rel=\"bookmark\" aria-hidden=\"true\" tabindex=\"-1\"><img width=\"2016\" height=\"954\" src=\"https:\/\/cppuente.educacion.navarra.es\/web\/wp-content\/uploads\/2022\/01\/IMG_20220117_090751-1.jpg\" class=\"attachment-full size-full\" alt=\"\" loading=\"lazy\" srcset=\"https:\/\/cppuente.educacion.navarra.es\/web\/wp-content\/uploads\/2022\/01\/IMG_20220117_090751-1.jpg 2016w, https:\/\/cppuente.educacion.navarra.es\/web\/wp-content\/uploads\/2022\/01\/IMG_20220117_090751-1-300x142.jpg 300w, https:\/\/cppuente.educacion.navarra.es\/web\/wp-content\/uploads\/2022\/01\/IMG_20220117_090751-1-1024x485.jpg 1024w, https:\/\/cppuente.educacion.navarra.es\/web\/wp-content\/uploads\/2022\/01\/IMG_20220117_090751-1-768x363.jpg 768w, https:\/\/cppuente.educacion.navarra.es\/web\/wp-content\/uploads\/2022\/01\/IMG_20220117_090751-1-1536x727.jpg 1536w\" sizes=\"(max-width: 2016px) 100vw, 2016px\" \/><\/a><\/div><div class=\"gb-block-post-grid-text\"><header class=\"gb-block-post-grid-header\"><h3 class=\"gb-block-post-grid-title\"><a href=\"https:\/\/cppuente.educacion.navarra.es\/web\/blog\/2022\/01\/17\/ni-una-menos\/\" rel=\"bookmark\">\u00a1Ni una menos!<\/a><\/h3><div class=\"gb-block-post-grid-byline\"><div class=\"gb-block-post-grid-author\" itemprop=\"author\" itemtype=\"https:\/\/schema.org\/Person\"><a class=\"gb-text-link\" href=\"https:\/\/cppuente.educacion.navarra.es\/web\/blog\/author\/luque\/\" itemprop=\"url\" rel=\"author\"><span itemprop=\"name\">luque<\/span><\/a><\/div><time datetime=\"2022-01-17T14:54:11+01:00\" class=\"gb-block-post-grid-date\" itemprop=\"datePublished\">17\/01\/2022<\/time><\/div><\/header><div class=\"gb-block-post-grid-excerpt\"><p>El pasado viernes, miembros de nuestra comunidad educativa, nos concentramos para revindicar que no aceptamos las agresiones sexistas. Por eso, desde el equipo docente, nos reiteramos en la importancia de trabajar la coeducaci\u00f3n y seguir en el camino hacia una escuela coeducadora. Desde nuestro portal web, queremos transmitir nuestro apoyo y solidaridad a la comunidad&hellip;<\/p>\n<p><a class=\"gb-block-post-grid-more-link gb-text-link\" href=\"https:\/\/cppuente.educacion.navarra.es\/web\/blog\/2022\/01\/17\/ni-una-menos\/\" rel=\"bookmark\">Continue Reading <span class=\"screen-reader-text\">\u00a1Ni una menos!<\/span><\/a><\/p><\/div><\/div><\/article>\n<article id=\"post-8856\" class=\"gb-post-grid-item post-8856 post type-post status-publish format-standard has-post-thumbnail category-noticias category-skolae entry\"><div class=\"gb-block-post-grid-image\"><a href=\"https:\/\/cppuente.educacion.navarra.es\/web\/blog\/2021\/11\/26\/dia-internacional-en-contra-de-la-violencia-de-genero\/\" rel=\"bookmark\" aria-hidden=\"true\" tabindex=\"-1\"><img width=\"297\" height=\"197\" src=\"https:\/\/cppuente.educacion.navarra.es\/web\/wp-content\/uploads\/2021\/11\/unnamed.jpg\" class=\"attachment-full size-full\" alt=\"\" loading=\"lazy\" \/><\/a><\/div><div class=\"gb-block-post-grid-text\"><header class=\"gb-block-post-grid-header\"><h3 class=\"gb-block-post-grid-title\"><a href=\"https:\/\/cppuente.educacion.navarra.es\/web\/blog\/2021\/11\/26\/dia-internacional-en-contra-de-la-violencia-de-genero\/\" rel=\"bookmark\">D\u00eda internacional en contra de la violencia de g\u00e9nero<\/a><\/h3><div class=\"gb-block-post-grid-byline\"><div class=\"gb-block-post-grid-author\" itemprop=\"author\" itemtype=\"https:\/\/schema.org\/Person\"><a class=\"gb-text-link\" href=\"https:\/\/cppuente.educacion.navarra.es\/web\/blog\/author\/luque\/\" itemprop=\"url\" rel=\"author\"><span itemprop=\"name\">luque<\/span><\/a><\/div><time datetime=\"2021-11-26T18:27:00+01:00\" class=\"gb-block-post-grid-date\" itemprop=\"datePublished\">26\/11\/2021<\/time><\/div><\/header><div class=\"gb-block-post-grid-excerpt\"><p>Ayer fue el d\u00eda internacional en contra de la violencia de g\u00e9nero, 25 N. Por ello, gracias a la colaboraci\u00f3n de diferentes asociaciones del valle, familias y alumnado hemos realizado un mural. Publicamos este v\u00eddeo para compartir los trabajos que se han realizado.Muchas gracias a las personas que hab\u00e9is&nbsp;colaborado. https:\/\/youtu.be\/LthWQ3wdoO0<\/p>\n<p><a class=\"gb-block-post-grid-more-link gb-text-link\" href=\"https:\/\/cppuente.educacion.navarra.es\/web\/blog\/2021\/11\/26\/dia-internacional-en-contra-de-la-violencia-de-genero\/\" rel=\"bookmark\">Continue Reading <span class=\"screen-reader-text\">D\u00eda internacional en contra de la violencia de g\u00e9nero<\/span><\/a><\/p><\/div><\/div><\/article>\n<\/div><\/section>\n\n\n<div class=\"wp-block-button aligncenter\"><a class=\"wp-block-button__link\" href=\"https:\/\/cppuente.educacion.navarra.es\/web\/categoria\/proyectos\/skolae\/\">Ver m\u00e1s<\/a><\/div>\n","protected":false},"excerpt":{"rendered":"<p>SKOLAE es el programa que concreta el Plan de coeducaci\u00f3n 2017-2021 para los centros y las comunidades educativas de Navarra. Un programa educativo que inspira el trabajo de los centros y comunidades educativas de Navarra para facilitar a todo el alumnado la posibilidad de APRENDER A VIVIR EN IGUALDAD. Un proceso que se debe asentar [&hellip;]<\/p>\n","protected":false},"author":893,"featured_media":7106,"parent":0,"menu_order":0,"comment_status":"closed","ping_status":"closed","template":"","meta":{"_genesis_hide_title":false,"_genesis_hide_breadcrumbs":false,"_genesis_hide_singular_image":false,"_genesis_hide_footer_widgets":false,"_genesis_custom_body_class":"","_genesis_custom_post_class":"","_genesis_layout":""},"featured_image_src":"https:\/\/cppuente.educacion.navarra.es\/web\/wp-content\/uploads\/2020\/02\/Skol.jpg","featured_image_src_square":"https:\/\/cppuente.educacion.navarra.es\/web\/wp-content\/uploads\/2020\/02\/Skol.jpg","_links":{"self":[{"href":"https:\/\/cppuente.educacion.navarra.es\/web\/wp-json\/wp\/v2\/pages\/7105"}],"collection":[{"href":"https:\/\/cppuente.educacion.navarra.es\/web\/wp-json\/wp\/v2\/pages"}],"about":[{"href":"https:\/\/cppuente.educacion.navarra.es\/web\/wp-json\/wp\/v2\/types\/page"}],"author":[{"embeddable":true,"href":"https:\/\/cppuente.educacion.navarra.es\/web\/wp-json\/wp\/v2\/users\/893"}],"replies":[{"embeddable":true,"href":"https:\/\/cppuente.educacion.navarra.es\/web\/wp-json\/wp\/v2\/comments?post=7105"}],"version-history":[{"count":5,"href":"https:\/\/cppuente.educacion.navarra.es\/web\/wp-json\/wp\/v2\/pages\/7105\/revisions"}],"predecessor-version":[{"id":7652,"href":"https:\/\/cppuente.educacion.navarra.es\/web\/wp-json\/wp\/v2\/pages\/7105\/revisions\/7652"}],"wp:featuredmedia":[{"embeddable":true,"href":"https:\/\/cppuente.educacion.navarra.es\/web\/wp-json\/wp\/v2\/media\/7106"}],"wp:attachment":[{"href":"https:\/\/cppuente.educacion.navarra.es\/web\/wp-json\/wp\/v2\/media?parent=7105"}],"curies":[{"name":"wp","href":"https:\/\/api.w.org\/{rel}","templated":true}]}}