{"id":8101,"date":"2021-01-22T11:12:04","date_gmt":"2021-01-22T10:12:04","guid":{"rendered":"https:\/\/cppuente.educacion.navarra.es\/web\/?page_id=8101"},"modified":"2021-01-25T09:43:31","modified_gmt":"2021-01-25T08:43:31","slug":"caminos-escolares","status":"publish","type":"page","link":"https:\/\/cppuente.educacion.navarra.es\/web\/caminos-escolares\/","title":{"rendered":"Caminos escolares"},"content":{"rendered":"\n<p>Desde noviembre de 2013 el Ayuntamiento de Puente la Reina\/Gares, la Apyma Zabalzagain, la Direcci\u00f3n del Colegio, la Mancomunidad de Valdizarbe y el Consorcio de la Zona Media trabajamos para que cada vez sean m\u00e1s las ni\u00f1as y los ni\u00f1os de nuestro pueblo que puedan ir a la escuela andando o en bicicleta con seguridad.<\/p>\n\n\n\n<p>Durante todo este per\u00edodo se han realizado numerosas acciones como son: diagn\u00f3stico de la situaci\u00f3n, ara\u00f1as de movilidad, caminos dibujados por el propio alumnado, mejora de las infraestructuras con pintado de pasos de cebra, arreglo del puente de la regata, nueva puerta de acceso al colegio, creaci\u00f3n de un parking en la fundaci\u00f3n mena a 300 metros del colegio, etc. Y el curso pasado se cre\u00f3 la comisi\u00f3n de caminos escolares en la que participan tanto familias, como profesorado y el propio Ayuntamiento para seguir dando pasos en este sentido.<\/p>\n\n\n\n<div class=\"wp-block-image\"><figure class=\"aligncenter size-large\"><a href=\"https:\/\/cppuente.educacion.navarra.es\/web\/wp-content\/uploads\/2021\/01\/caminos-escolares-logo.png\"><img loading=\"lazy\" width=\"684\" height=\"441\" src=\"https:\/\/cppuente.educacion.navarra.es\/web\/wp-content\/uploads\/2021\/01\/caminos-escolares-logo.png\" alt=\"\" class=\"wp-image-8102\" srcset=\"https:\/\/cppuente.educacion.navarra.es\/web\/wp-content\/uploads\/2021\/01\/caminos-escolares-logo.png 684w, https:\/\/cppuente.educacion.navarra.es\/web\/wp-content\/uploads\/2021\/01\/caminos-escolares-logo-300x193.png 300w\" sizes=\"(max-width: 684px) 100vw, 684px\" \/><\/a><figcaption>Logo de caminos escolares<\/figcaption><\/figure><\/div>\n\n\n\n<p>Tras todo este trabajo se ha comprobado que en el paseo Larrandia el riesgo y el peligro sigue siendo alto a la hora de entrada y salida del alumnado, ya que este se llena de coches, que en muchas ocasiones van con prisa por la hora, lo que conlleva especial peligro para el resto de transe\u00fantes principalmente las ni\u00f1as y ni\u00f1os que van andando o en bicicleta.<\/p>\n\n\n\n<p><strong>Mapas de intesidad de circulaci\u00f3n de alumnado a pie<\/strong><\/p>\n\n\n\n<figure class=\"wp-block-gallery columns-2 is-cropped\"><ul class=\"blocks-gallery-grid\"><li class=\"blocks-gallery-item\"><figure><a href=\"https:\/\/cppuente.educacion.navarra.es\/web\/wp-content\/uploads\/2021\/01\/intensidad-de-circulacion-de-ninos-y-ninas-andando.png\"><img loading=\"lazy\" width=\"1024\" height=\"722\" src=\"https:\/\/cppuente.educacion.navarra.es\/web\/wp-content\/uploads\/2021\/01\/intensidad-de-circulacion-de-ninos-y-ninas-andando-1024x722.png\" alt=\"\" data-id=\"8106\" data-full-url=\"https:\/\/cppuente.educacion.navarra.es\/web\/wp-content\/uploads\/2021\/01\/intensidad-de-circulacion-de-ninos-y-ninas-andando.png\" data-link=\"https:\/\/cppuente.educacion.navarra.es\/web\/?attachment_id=8106\" class=\"wp-image-8106\" srcset=\"https:\/\/cppuente.educacion.navarra.es\/web\/wp-content\/uploads\/2021\/01\/intensidad-de-circulacion-de-ninos-y-ninas-andando-1024x722.png 1024w, https:\/\/cppuente.educacion.navarra.es\/web\/wp-content\/uploads\/2021\/01\/intensidad-de-circulacion-de-ninos-y-ninas-andando-300x212.png 300w, https:\/\/cppuente.educacion.navarra.es\/web\/wp-content\/uploads\/2021\/01\/intensidad-de-circulacion-de-ninos-y-ninas-andando-768x542.png 768w, https:\/\/cppuente.educacion.navarra.es\/web\/wp-content\/uploads\/2021\/01\/intensidad-de-circulacion-de-ninos-y-ninas-andando.png 1517w\" sizes=\"(max-width: 1024px) 100vw, 1024px\" \/><\/a><\/figure><\/li><li class=\"blocks-gallery-item\"><figure><a href=\"https:\/\/cppuente.educacion.navarra.es\/web\/wp-content\/uploads\/2021\/01\/intensidad-de-circulacion-de-ninos-y-ninas-andando-cercanias-del-colegio.png\"><img loading=\"lazy\" width=\"785\" height=\"519\" src=\"https:\/\/cppuente.educacion.navarra.es\/web\/wp-content\/uploads\/2021\/01\/intensidad-de-circulacion-de-ninos-y-ninas-andando-cercanias-del-colegio.png\" alt=\"\" data-id=\"8104\" data-full-url=\"https:\/\/cppuente.educacion.navarra.es\/web\/wp-content\/uploads\/2021\/01\/intensidad-de-circulacion-de-ninos-y-ninas-andando-cercanias-del-colegio.png\" data-link=\"https:\/\/cppuente.educacion.navarra.es\/web\/?attachment_id=8104\" class=\"wp-image-8104\" srcset=\"https:\/\/cppuente.educacion.navarra.es\/web\/wp-content\/uploads\/2021\/01\/intensidad-de-circulacion-de-ninos-y-ninas-andando-cercanias-del-colegio.png 785w, https:\/\/cppuente.educacion.navarra.es\/web\/wp-content\/uploads\/2021\/01\/intensidad-de-circulacion-de-ninos-y-ninas-andando-cercanias-del-colegio-300x198.png 300w, https:\/\/cppuente.educacion.navarra.es\/web\/wp-content\/uploads\/2021\/01\/intensidad-de-circulacion-de-ninos-y-ninas-andando-cercanias-del-colegio-768x508.png 768w\" sizes=\"(max-width: 785px) 100vw, 785px\" \/><\/a><\/figure><\/li><\/ul><\/figure>\n\n\n\n<p><strong>Mapa de intensidad de circulaci\u00f3n de alumnado en coche<\/strong><\/p>\n\n\n\n<figure class=\"wp-block-gallery columns-2 is-cropped\"><ul class=\"blocks-gallery-grid\"><li class=\"blocks-gallery-item\"><figure><a href=\"https:\/\/cppuente.educacion.navarra.es\/web\/wp-content\/uploads\/2021\/01\/intensidad-de-circulacion-de-ninos-y-ninas-en-coche.png\"><img loading=\"lazy\" width=\"1024\" height=\"724\" src=\"https:\/\/cppuente.educacion.navarra.es\/web\/wp-content\/uploads\/2021\/01\/intensidad-de-circulacion-de-ninos-y-ninas-en-coche-1024x724.png\" alt=\"\" data-id=\"8110\" data-full-url=\"https:\/\/cppuente.educacion.navarra.es\/web\/wp-content\/uploads\/2021\/01\/intensidad-de-circulacion-de-ninos-y-ninas-en-coche.png\" data-link=\"https:\/\/cppuente.educacion.navarra.es\/web\/?attachment_id=8110\" class=\"wp-image-8110\" srcset=\"https:\/\/cppuente.educacion.navarra.es\/web\/wp-content\/uploads\/2021\/01\/intensidad-de-circulacion-de-ninos-y-ninas-en-coche-1024x724.png 1024w, https:\/\/cppuente.educacion.navarra.es\/web\/wp-content\/uploads\/2021\/01\/intensidad-de-circulacion-de-ninos-y-ninas-en-coche-300x212.png 300w, https:\/\/cppuente.educacion.navarra.es\/web\/wp-content\/uploads\/2021\/01\/intensidad-de-circulacion-de-ninos-y-ninas-en-coche-768x543.png 768w, https:\/\/cppuente.educacion.navarra.es\/web\/wp-content\/uploads\/2021\/01\/intensidad-de-circulacion-de-ninos-y-ninas-en-coche.png 1347w\" sizes=\"(max-width: 1024px) 100vw, 1024px\" \/><\/a><\/figure><\/li><li class=\"blocks-gallery-item\"><figure><a href=\"https:\/\/cppuente.educacion.navarra.es\/web\/wp-content\/uploads\/2021\/01\/intensidad-de-circulacion-de-ninos-y-ninas-en-coche-cercanias-del-colegio.png\"><img loading=\"lazy\" width=\"953\" height=\"803\" src=\"https:\/\/cppuente.educacion.navarra.es\/web\/wp-content\/uploads\/2021\/01\/intensidad-de-circulacion-de-ninos-y-ninas-en-coche-cercanias-del-colegio.png\" alt=\"\" data-id=\"8108\" data-full-url=\"https:\/\/cppuente.educacion.navarra.es\/web\/wp-content\/uploads\/2021\/01\/intensidad-de-circulacion-de-ninos-y-ninas-en-coche-cercanias-del-colegio.png\" data-link=\"https:\/\/cppuente.educacion.navarra.es\/web\/?attachment_id=8108\" class=\"wp-image-8108\" srcset=\"https:\/\/cppuente.educacion.navarra.es\/web\/wp-content\/uploads\/2021\/01\/intensidad-de-circulacion-de-ninos-y-ninas-en-coche-cercanias-del-colegio.png 953w, https:\/\/cppuente.educacion.navarra.es\/web\/wp-content\/uploads\/2021\/01\/intensidad-de-circulacion-de-ninos-y-ninas-en-coche-cercanias-del-colegio-300x253.png 300w, https:\/\/cppuente.educacion.navarra.es\/web\/wp-content\/uploads\/2021\/01\/intensidad-de-circulacion-de-ninos-y-ninas-en-coche-cercanias-del-colegio-768x647.png 768w, https:\/\/cppuente.educacion.navarra.es\/web\/wp-content\/uploads\/2021\/01\/intensidad-de-circulacion-de-ninos-y-ninas-en-coche-cercanias-del-colegio-70x60.png 70w\" sizes=\"(max-width: 953px) 100vw, 953px\" \/><\/a><\/figure><\/li><\/ul><\/figure>\n\n\n\n<p>Para solucionar este problema se va a crear una zona de seguridad a las horas de entrada y salida del colegio, para que ning\u00fan coche pueda pasar y nuestros hijos e hijas puedan ir al mismo andando o en bicicleta sin peligro.&nbsp;<\/p>\n\n\n\n<p>Esta zona de seguridad ser\u00e1 desde el puente de La Grana hasta el cruce del Paseo Larrandia con la Calle Larrandia y en los horarios de entrada y salida, esto es, de 8:50 a 9:10, de 13:50 a 14:10 y de 15:35 a 15:55 de lunes a viernes.<\/p>\n\n\n\n<p>En estos horarios se prohibir\u00eda la circulaci\u00f3n por esa zona excepto para transporte escolar y veh\u00edculos autorizados desde el lunes 25 de enero todos los d\u00edas lectivos.<\/p>\n\n\n\n<p>Para informar de esta prohibici\u00f3n, fundamentalmente en los primeros d\u00edas, se solicita la colaboraci\u00f3n de las familias para que a trav\u00e9s de la figura de la persona delegada de clase se apunten para realizar turnos de informaci\u00f3n durante los horarios de corte.<\/p>\n\n\n\n<p>Para m\u00e1s informaci\u00f3n, os dejamos la <a href=\"https:\/\/drive.google.com\/file\/d\/1NSLzWKsCuPCUrvSVt5lDnPoNfrjLPtds\/view?usp=sharing\" data-type=\"URL\" target=\"_blank\" rel=\"noreferrer noopener\">publicaci\u00f3n del programa Caminos Escolares, publicado por el Consorcio de Desarrollo de la Zona Med\u00eda en 2017.<\/a><\/p>\n","protected":false},"excerpt":{"rendered":"<p>Desde noviembre de 2013 el Ayuntamiento de Puente la Reina\/Gares, la Apyma Zabalzagain, la Direcci\u00f3n del Colegio, la Mancomunidad de Valdizarbe y el Consorcio de la Zona Media trabajamos para que cada vez sean m\u00e1s las ni\u00f1as y los ni\u00f1os de nuestro pueblo que puedan ir a la escuela andando o en bicicleta con seguridad. [&hellip;]<\/p>\n","protected":false},"author":893,"featured_media":8102,"parent":0,"menu_order":0,"comment_status":"closed","ping_status":"closed","template":"","meta":{"_genesis_hide_title":false,"_genesis_hide_breadcrumbs":false,"_genesis_hide_singular_image":false,"_genesis_hide_footer_widgets":false,"_genesis_custom_body_class":"","_genesis_custom_post_class":"","_genesis_layout":""},"featured_image_src":"https:\/\/cppuente.educacion.navarra.es\/web\/wp-content\/uploads\/2021\/01\/caminos-escolares-logo-600x400.png","featured_image_src_square":"https:\/\/cppuente.educacion.navarra.es\/web\/wp-content\/uploads\/2021\/01\/caminos-escolares-logo-600x441.png","_links":{"self":[{"href":"https:\/\/cppuente.educacion.navarra.es\/web\/wp-json\/wp\/v2\/pages\/8101"}],"collection":[{"href":"https:\/\/cppuente.educacion.navarra.es\/web\/wp-json\/wp\/v2\/pages"}],"about":[{"href":"https:\/\/cppuente.educacion.navarra.es\/web\/wp-json\/wp\/v2\/types\/page"}],"author":[{"embeddable":true,"href":"https:\/\/cppuente.educacion.navarra.es\/web\/wp-json\/wp\/v2\/users\/893"}],"replies":[{"embeddable":true,"href":"https:\/\/cppuente.educacion.navarra.es\/web\/wp-json\/wp\/v2\/comments?post=8101"}],"version-history":[{"count":2,"href":"https:\/\/cppuente.educacion.navarra.es\/web\/wp-json\/wp\/v2\/pages\/8101\/revisions"}],"predecessor-version":[{"id":8124,"href":"https:\/\/cppuente.educacion.navarra.es\/web\/wp-json\/wp\/v2\/pages\/8101\/revisions\/8124"}],"wp:featuredmedia":[{"embeddable":true,"href":"https:\/\/cppuente.educacion.navarra.es\/web\/wp-json\/wp\/v2\/media\/8102"}],"wp:attachment":[{"href":"https:\/\/cppuente.educacion.navarra.es\/web\/wp-json\/wp\/v2\/media?parent=8101"}],"curies":[{"name":"wp","href":"https:\/\/api.w.org\/{rel}","templated":true}]}}