{"id":99,"date":"2013-09-14T16:21:34","date_gmt":"2013-09-14T14:21:34","guid":{"rendered":"http:\/\/cppuente.educacion.navarra.es\/web\/?page_id=99"},"modified":"2026-03-02T10:09:03","modified_gmt":"2026-03-02T09:09:03","slug":"comedor","status":"publish","type":"page","link":"https:\/\/cppuente.educacion.navarra.es\/web\/servicios-complementarios\/comedor\/","title":{"rendered":"Servicio de comedor"},"content":{"rendered":"\n<p><\/p>\n\n\n\n<div class=\"wp-block-cover is-light gb-block-cta\" style=\"padding-top:2%;min-height:13em\"><span aria-hidden=\"true\" class=\"wp-block-cover__gradient-background has-background-dim\" style=\"background-color:#f2f2f2\"><\/span><img loading=\"lazy\" width=\"688\" height=\"371\" class=\"wp-block-cover__image-background wp-image-11172\" alt=\"\" src=\"https:\/\/cppuente.educacion.navarra.es\/web\/wp-content\/uploads\/2024\/08\/TRANSPORTE-Y-COMEDOR-1.png\" data-object-fit=\"cover\" srcset=\"https:\/\/cppuente.educacion.navarra.es\/web\/wp-content\/uploads\/2024\/08\/TRANSPORTE-Y-COMEDOR-1.png 688w, https:\/\/cppuente.educacion.navarra.es\/web\/wp-content\/uploads\/2024\/08\/TRANSPORTE-Y-COMEDOR-1-300x162.png 300w\" sizes=\"(max-width: 688px) 100vw, 688px\" \/><div class=\"wp-block-cover__inner-container\">\n<h2 class=\"has-text-align-center\" style=\"font-size:32px;line-height:1\"><strong><mark style=\"background-color:#f6f6f6;color:#005ea8\" class=\"has-inline-color\">COMUNICACI\u00d3N DE INCIDENCIAS<\/mark><\/strong><\/h2>\n\n\n\n<p class=\"has-text-align-center\" style=\"line-height:1\"><mark style=\"background-color:#f2f2f2;color:#005ea8\" class=\"has-inline-color\"><strong>CLICA EN EL SIGUENTE BOT\u00d3N PARA COMUNICAR UNA INCIDENCIA DE COMEDOR Y\/O TRANSPORTE<\/strong><\/mark><\/p>\n\n\n\n<div class=\"wp-container-1 wp-block-buttons\">\n<div class=\"wp-block-button has-custom-font-size gb-block-button\" style=\"font-size:20px;line-height:1.2\"><a class=\"wp-block-button__link has-text-color has-background\" href=\"https:\/\/cppuente.educacion.navarra.es\/web\/comunicacion-ausencias\/\" style=\"border-radius:5px;background-color:#3373dc;color:#ffffff;padding-top:10px;padding-right:1em;padding-bottom:10px;padding-left:1em\">COMUNICAR INCIDENCIA<\/a><\/div>\n<\/div>\n<\/div><\/div>\n\n\n\n<h2 class=\"has-theme-primary-color has-text-color\">Nuestro comedor escolar<\/h2>\n\n\n\n<p>Desde el curso 2021-22, todos los men\u00fas ser\u00e1n integramente elaborados en nuestro comedor. Apostamos de esta manera por un comedor saludable, sostenible y m\u00e1s cercanos para nuestro alumnado.<\/p>\n\n\n\n<div class=\"wp-block-cover is-light gb-block-cta\" style=\"padding-top:2%;min-height:13em\"><span aria-hidden=\"true\" class=\"has-background-dim-30 wp-block-cover__gradient-background has-background-dim\" style=\"background-color:#f2f2f2\"><\/span><img loading=\"lazy\" width=\"2400\" height=\"1773\" class=\"wp-block-cover__image-background wp-image-8568\" alt=\"\" src=\"https:\/\/cppuente.educacion.navarra.es\/web\/wp-content\/uploads\/2021\/05\/joshua-coleman-8V4y-XXT3MQ-unsplash1.jpg\" data-object-fit=\"cover\" srcset=\"https:\/\/cppuente.educacion.navarra.es\/web\/wp-content\/uploads\/2021\/05\/joshua-coleman-8V4y-XXT3MQ-unsplash1.jpg 2400w, https:\/\/cppuente.educacion.navarra.es\/web\/wp-content\/uploads\/2021\/05\/joshua-coleman-8V4y-XXT3MQ-unsplash1-300x222.jpg 300w, https:\/\/cppuente.educacion.navarra.es\/web\/wp-content\/uploads\/2021\/05\/joshua-coleman-8V4y-XXT3MQ-unsplash1-1024x756.jpg 1024w, https:\/\/cppuente.educacion.navarra.es\/web\/wp-content\/uploads\/2021\/05\/joshua-coleman-8V4y-XXT3MQ-unsplash1-768x567.jpg 768w, https:\/\/cppuente.educacion.navarra.es\/web\/wp-content\/uploads\/2021\/05\/joshua-coleman-8V4y-XXT3MQ-unsplash1-1536x1135.jpg 1536w, https:\/\/cppuente.educacion.navarra.es\/web\/wp-content\/uploads\/2021\/05\/joshua-coleman-8V4y-XXT3MQ-unsplash1-2048x1513.jpg 2048w\" sizes=\"(max-width: 2400px) 100vw, 2400px\" \/><div class=\"wp-block-cover__inner-container\">\n<h2 class=\"has-text-align-center has-text-color\" style=\"color:#000000;font-size:32;line-height:1\">Consulta aqu\u00ed los men\u00fas de este mes<\/h2>\n\n\n\n<div class=\"wp-container-2 wp-block-buttons\">\n<div class=\"wp-block-button has-custom-font-size gb-block-button\" style=\"font-size:20px;line-height:1.2\"><a class=\"wp-block-button__link has-text-color has-background\" href=\"https:\/\/www.elgustodecrecer.es\/\" style=\"border-radius:5px;background-color:#3373dc;color:#ffffff;padding-top:10px;padding-right:1em;padding-bottom:10px;padding-left:1em\">Clica aqu\u00ed<\/a><\/div>\n<\/div>\n<\/div><\/div>\n\n\n\n<h4><\/h4>\n\n\n\n<ul><li> <strong>Empresa suministradora<\/strong>: &nbsp;ARAMARK .<\/li><li> <strong>Coordinadora<\/strong>: Ainhoa Etxeberria.<\/li><li> <strong>Administradora<\/strong>: Ainhoa Mun\u00e1rriz y Nerea Calvo.<\/li><\/ul>\n\n\n\n<hr class=\"wp-block-separator\"\/>\n\n\n\n<figure class=\"wp-block-gallery has-nested-images columns-default is-cropped\">\n<figure class=\"wp-block-image size-large\"><a href=\"https:\/\/cppuente.educacion.navarra.es\/web\/wp-content\/uploads\/2026\/03\/Captura-de-pantalla-2026-03-02-100825.png\"><img loading=\"lazy\" width=\"997\" height=\"709\" data-id=\"12975\"  src=\"https:\/\/cppuente.educacion.navarra.es\/web\/wp-content\/uploads\/2026\/03\/Captura-de-pantalla-2026-03-02-100825.png\" alt=\"\" class=\"wp-image-12975\" srcset=\"https:\/\/cppuente.educacion.navarra.es\/web\/wp-content\/uploads\/2026\/03\/Captura-de-pantalla-2026-03-02-100825.png 997w, https:\/\/cppuente.educacion.navarra.es\/web\/wp-content\/uploads\/2026\/03\/Captura-de-pantalla-2026-03-02-100825-300x213.png 300w, https:\/\/cppuente.educacion.navarra.es\/web\/wp-content\/uploads\/2026\/03\/Captura-de-pantalla-2026-03-02-100825-768x546.png 768w\" sizes=\"(max-width: 997px) 100vw, 997px\" \/><\/a><\/figure>\n<\/figure>\n","protected":false},"excerpt":{"rendered":"<p>Nuestro comedor escolar Desde el curso 2021-22, todos los men\u00fas ser\u00e1n integramente elaborados en nuestro comedor. Apostamos de esta manera por un comedor saludable, sostenible y m\u00e1s cercanos para nuestro alumnado. Empresa suministradora: &nbsp;ARAMARK . Coordinadora: Ainhoa Etxeberria. Administradora: Ainhoa Mun\u00e1rriz y Nerea Calvo.<\/p>\n","protected":false},"author":1,"featured_media":3955,"parent":69,"menu_order":0,"comment_status":"closed","ping_status":"closed","template":"","meta":{"_genesis_hide_title":false,"_genesis_hide_breadcrumbs":false,"_genesis_hide_singular_image":false,"_genesis_hide_footer_widgets":false,"_genesis_custom_body_class":"","_genesis_custom_post_class":"","_genesis_layout":""},"featured_image_src":"https:\/\/cppuente.educacion.navarra.es\/web\/wp-content\/uploads\/2017\/05\/P1050496-Copy.jpg","featured_image_src_square":"https:\/\/cppuente.educacion.navarra.es\/web\/wp-content\/uploads\/2017\/05\/P1050496-Copy.jpg","_links":{"self":[{"href":"https:\/\/cppuente.educacion.navarra.es\/web\/wp-json\/wp\/v2\/pages\/99"}],"collection":[{"href":"https:\/\/cppuente.educacion.navarra.es\/web\/wp-json\/wp\/v2\/pages"}],"about":[{"href":"https:\/\/cppuente.educacion.navarra.es\/web\/wp-json\/wp\/v2\/types\/page"}],"author":[{"embeddable":true,"href":"https:\/\/cppuente.educacion.navarra.es\/web\/wp-json\/wp\/v2\/users\/1"}],"replies":[{"embeddable":true,"href":"https:\/\/cppuente.educacion.navarra.es\/web\/wp-json\/wp\/v2\/comments?post=99"}],"version-history":[{"count":61,"href":"https:\/\/cppuente.educacion.navarra.es\/web\/wp-json\/wp\/v2\/pages\/99\/revisions"}],"predecessor-version":[{"id":12978,"href":"https:\/\/cppuente.educacion.navarra.es\/web\/wp-json\/wp\/v2\/pages\/99\/revisions\/12978"}],"up":[{"embeddable":true,"href":"https:\/\/cppuente.educacion.navarra.es\/web\/wp-json\/wp\/v2\/pages\/69"}],"wp:featuredmedia":[{"embeddable":true,"href":"https:\/\/cppuente.educacion.navarra.es\/web\/wp-json\/wp\/v2\/media\/3955"}],"wp:attachment":[{"href":"https:\/\/cppuente.educacion.navarra.es\/web\/wp-json\/wp\/v2\/media?parent=99"}],"curies":[{"name":"wp","href":"https:\/\/api.w.org\/{rel}","templated":true}]}}